{"id":6358,"date":"2025-02-14T19:30:14","date_gmt":"2025-02-14T18:30:14","guid":{"rendered":"https:\/\/nzobusiness.com\/?post_type=product&#038;p=6358"},"modified":"2025-02-14T19:30:15","modified_gmt":"2025-02-14T18:30:15","slug":"dell-precision-5540-gamer-work-station-9eme-generation","status":"publish","type":"product","link":"https:\/\/nzobusiness.com\/?product=dell-precision-5540-gamer-work-station-9eme-generation","title":{"rendered":"Dell Precision 5540 Gamer\/Work Station 9\u00e8me g\u00e9n\u00e9ration"},"content":{"rendered":"<p>Dell Precision 5540 Gamer\/Work Station 9\u00e8me g\u00e9n\u00e9ration<br \/>\n\u2699\ufe0fProcesseur Intel Core i9-9880H (2.8GHz, 4.8GHz Turbo; 12CPUs)<br \/>\n\ud83d\udee1\ufe0fRam 32Go DDR4 (extensible \u00e0 64Go)<br \/>\n\ud83d\udcc0Disque Dur SSD M2 NVMe 512Go (Extensible \u00e0 1To)<br \/>\n\ud83d\udca5\u00c9tat Neuf 10\/10 avec sac offert<br \/>\n\ud83c\udf06Carte Graphique Nvidia Quadro T2000 Max-Q avec 4Go GDDR5 d\u00e9di\u00e9es<br \/>\n\ud83d\udcbb\u00c9cran bord \u00e0 bord 15.6 pouces avec R\u00e9solution 4K<br \/>\n\u2328\ufe0fClavier R\u00e9tro-\u00e9clair\u00e9<br \/>\n\ud83d\udd0bExcellente Autonomie<br \/>\n\ud83d\udccdAdresse: M\u00e9dina Rue 31 x Blaise Diagne<br \/>\n@nzo_business<\/p>\n","protected":false},"excerpt":{"rendered":"<p>Dell Precision 5540 Gamer\/Work Station 9\u00e8me g\u00e9n\u00e9ration \u2699\ufe0fProcesseur Intel Core i9-9880H (2.8GHz, 4.8GHz Turbo; 12CPUs) \ud83d\udee1\ufe0fRam 32Go DDR4 (extensible \u00e0 64Go) \ud83d\udcc0Disque Dur SSD M2 NVMe 512Go (Extensible \u00e0 1To)<\/p>\n","protected":false},"featured_media":6359,"comment_status":"open","ping_status":"closed","template":"","meta":{"_acf_changed":false},"product_brand":[],"product_cat":[71,35],"product_tag":[179,184,192,191,197,198,187,183,195,180,188,193,177,178,189,182,185,190,196,194,181,186],"class_list":{"0":"post-6358","1":"product","2":"type-product","3":"status-publish","4":"has-post-thumbnail","6":"product_cat-dell","7":"product_cat-ordinateurs-portables","8":"product_tag-accessoires-informatiques-en-ligne","9":"product_tag-accessoires-pour-ordinateurs-claviers","10":"product_tag-achat-en-gros-de-materiel-informatique","11":"product_tag-b2b-commerce-electronique-senegal","12":"product_tag-b2bgt-materiel-electronique-fiable","13":"product_tag-boutique-en-ligne-informatique-senegal","14":"product_tag-disques-durs-ssd-et-hdd","15":"product_tag-fourniture-dequipements-informatiques","16":"product_tag-livraison-rapide-dequipements-informatiques","17":"product_tag-materiel-electronique-b2b","18":"product_tag-moniteurs-et-ecrans-haute-definition","19":"product_tag-ordinateurs-neufs-et-reconditionnes","20":"product_tag-ordinateurs-portables-professionnels","21":"product_tag-pc-de-bureau-hautes-performances","22":"product_tag-reseaux-et-equipements-informatiques","23":"product_tag-solutions-informatiques-pour-entreprises","24":"product_tag-souris","25":"product_tag-stations-de-travail-portables","26":"product_tag-support-technique-et-materiel-it","27":"product_tag-technologies-de-pointe-pour-entreprises","28":"product_tag-vente-de-laptops-et-desktops","29":"product_tag-webcams","31":"first","32":"instock","33":"sale","34":"shipping-taxable","35":"purchasable","36":"product-type-simple","37":"add-to-wishlist-after_add_to_cart"},"acf":[],"yoast_head":"<!-- This site is optimized with the Yoast SEO Premium plugin v24.2 (Yoast SEO v27.3) - https:\/\/yoast.com\/product\/yoast-seo-premium-wordpress\/ -->\n<title>Dell Precision 5540 Gamer\/Work Station 9\u00e8me g\u00e9n\u00e9ration - NZO BUSINESS<\/title>\n<meta name=\"robots\" content=\"index, follow, max-snippet:-1, max-image-preview:large, max-video-preview:-1\" \/>\n<link rel=\"canonical\" href=\"https:\/\/nzobusiness.com\/?product=dell-precision-5540-gamer-work-station-9eme-generation\" \/>\n<meta property=\"og:locale\" content=\"fr_FR\" \/>\n<meta property=\"og:type\" content=\"article\" \/>\n<meta property=\"og:title\" content=\"Dell Precision 5540 Gamer\/Work Station 9\u00e8me g\u00e9n\u00e9ration\" \/>\n<meta property=\"og:description\" content=\"Dell Precision 5540 Gamer\/Work Station 9\u00e8me g\u00e9n\u00e9ration \u2699\ufe0fProcesseur Intel Core i9-9880H (2.8GHz, 4.8GHz Turbo; 12CPUs) \ud83d\udee1\ufe0fRam 32Go DDR4 (extensible \u00e0 64Go) \ud83d\udcc0Disque Dur SSD M2 NVMe 512Go (Extensible \u00e0 1To)\" \/>\n<meta property=\"og:url\" content=\"https:\/\/nzobusiness.com\/?product=dell-precision-5540-gamer-work-station-9eme-generation\" \/>\n<meta property=\"og:site_name\" content=\"NZO BUSINESS\" \/>\n<meta property=\"article:publisher\" content=\"https:\/\/www.facebook.com\/profile.php?id=61561008237804\" \/>\n<meta property=\"article:modified_time\" content=\"2025-02-14T18:30:15+00:00\" \/>\n<meta property=\"og:image\" content=\"https:\/\/nzobusiness.com\/wp-content\/uploads\/2025\/02\/WhatsApp-Image-2025-02-14-at-01.21.19.jpeg\" \/>\n\t<meta property=\"og:image:width\" content=\"1280\" \/>\n\t<meta property=\"og:image:height\" content=\"960\" \/>\n\t<meta property=\"og:image:type\" content=\"image\/jpeg\" \/>\n<meta name=\"twitter:card\" content=\"summary_large_image\" \/>\n<meta name=\"twitter:label1\" content=\"Dur\u00e9e de lecture estim\u00e9e\" \/>\n\t<meta name=\"twitter:data1\" content=\"1 minute\" \/>\n<script type=\"application\/ld+json\" class=\"yoast-schema-graph\">{\"@context\":\"https:\\\/\\\/schema.org\",\"@graph\":[{\"@type\":\"WebPage\",\"@id\":\"https:\\\/\\\/nzobusiness.com\\\/?product=dell-precision-5540-gamer-work-station-9eme-generation\",\"url\":\"https:\\\/\\\/nzobusiness.com\\\/?product=dell-precision-5540-gamer-work-station-9eme-generation\",\"name\":\"Dell Precision 5540 Gamer\\\/Work Station 9\u00e8me g\u00e9n\u00e9ration - NZO BUSINESS\",\"isPartOf\":{\"@id\":\"https:\\\/\\\/nzobusiness.com\\\/#website\"},\"primaryImageOfPage\":{\"@id\":\"https:\\\/\\\/nzobusiness.com\\\/?product=dell-precision-5540-gamer-work-station-9eme-generation#primaryimage\"},\"image\":{\"@id\":\"https:\\\/\\\/nzobusiness.com\\\/?product=dell-precision-5540-gamer-work-station-9eme-generation#primaryimage\"},\"thumbnailUrl\":\"https:\\\/\\\/nzobusiness.com\\\/wp-content\\\/uploads\\\/2025\\\/02\\\/WhatsApp-Image-2025-02-14-at-01.21.19.jpeg\",\"datePublished\":\"2025-02-14T18:30:14+00:00\",\"dateModified\":\"2025-02-14T18:30:15+00:00\",\"breadcrumb\":{\"@id\":\"https:\\\/\\\/nzobusiness.com\\\/?product=dell-precision-5540-gamer-work-station-9eme-generation#breadcrumb\"},\"inLanguage\":\"fr-FR\",\"potentialAction\":[{\"@type\":\"ReadAction\",\"target\":[\"https:\\\/\\\/nzobusiness.com\\\/?product=dell-precision-5540-gamer-work-station-9eme-generation\"]}]},{\"@type\":\"ImageObject\",\"inLanguage\":\"fr-FR\",\"@id\":\"https:\\\/\\\/nzobusiness.com\\\/?product=dell-precision-5540-gamer-work-station-9eme-generation#primaryimage\",\"url\":\"https:\\\/\\\/nzobusiness.com\\\/wp-content\\\/uploads\\\/2025\\\/02\\\/WhatsApp-Image-2025-02-14-at-01.21.19.jpeg\",\"contentUrl\":\"https:\\\/\\\/nzobusiness.com\\\/wp-content\\\/uploads\\\/2025\\\/02\\\/WhatsApp-Image-2025-02-14-at-01.21.19.jpeg\",\"width\":1280,\"height\":960},{\"@type\":\"BreadcrumbList\",\"@id\":\"https:\\\/\\\/nzobusiness.com\\\/?product=dell-precision-5540-gamer-work-station-9eme-generation#breadcrumb\",\"itemListElement\":[{\"@type\":\"ListItem\",\"position\":1,\"name\":\"Accueil\",\"item\":\"https:\\\/\\\/nzobusiness.com\\\/\"},{\"@type\":\"ListItem\",\"position\":2,\"name\":\"Boutique\",\"item\":\"https:\\\/\\\/nzobusiness.com\\\/?page_id=9\"},{\"@type\":\"ListItem\",\"position\":3,\"name\":\"Dell Precision 5540 Gamer\\\/Work Station 9\u00e8me g\u00e9n\u00e9ration\"}]},{\"@type\":\"WebSite\",\"@id\":\"https:\\\/\\\/nzobusiness.com\\\/#website\",\"url\":\"https:\\\/\\\/nzobusiness.com\\\/\",\"name\":\"B2BGT\",\"description\":\"Faites confiance \u00e0 Nzo Business, pour aller plus loin.\",\"publisher\":{\"@id\":\"https:\\\/\\\/nzobusiness.com\\\/#organization\"},\"potentialAction\":[{\"@type\":\"SearchAction\",\"target\":{\"@type\":\"EntryPoint\",\"urlTemplate\":\"https:\\\/\\\/nzobusiness.com\\\/?s={search_term_string}\"},\"query-input\":{\"@type\":\"PropertyValueSpecification\",\"valueRequired\":true,\"valueName\":\"search_term_string\"}}],\"inLanguage\":\"fr-FR\"},{\"@type\":\"Organization\",\"@id\":\"https:\\\/\\\/nzobusiness.com\\\/#organization\",\"name\":\"B2BGT (Business To Business Global Technology)\",\"url\":\"https:\\\/\\\/nzobusiness.com\\\/\",\"logo\":{\"@type\":\"ImageObject\",\"inLanguage\":\"fr-FR\",\"@id\":\"https:\\\/\\\/nzobusiness.com\\\/#\\\/schema\\\/logo\\\/image\\\/\",\"url\":\"https:\\\/\\\/nzobusiness.com\\\/wp-content\\\/uploads\\\/2024\\\/08\\\/cropped-IMG_3308-2-e1724776281253.png\",\"contentUrl\":\"https:\\\/\\\/nzobusiness.com\\\/wp-content\\\/uploads\\\/2024\\\/08\\\/cropped-IMG_3308-2-e1724776281253.png\",\"width\":397,\"height\":396,\"caption\":\"B2BGT (Business To Business Global Technology)\"},\"image\":{\"@id\":\"https:\\\/\\\/nzobusiness.com\\\/#\\\/schema\\\/logo\\\/image\\\/\"},\"sameAs\":[\"https:\\\/\\\/www.facebook.com\\\/profile.php?id=61561008237804\"]}]}<\/script>\n<!-- \/ Yoast SEO Premium plugin. -->","yoast_head_json":{"title":"Dell Precision 5540 Gamer\/Work Station 9\u00e8me g\u00e9n\u00e9ration - NZO BUSINESS","robots":{"index":"index","follow":"follow","max-snippet":"max-snippet:-1","max-image-preview":"max-image-preview:large","max-video-preview":"max-video-preview:-1"},"canonical":"https:\/\/nzobusiness.com\/?product=dell-precision-5540-gamer-work-station-9eme-generation","og_locale":"fr_FR","og_type":"article","og_title":"Dell Precision 5540 Gamer\/Work Station 9\u00e8me g\u00e9n\u00e9ration","og_description":"Dell Precision 5540 Gamer\/Work Station 9\u00e8me g\u00e9n\u00e9ration \u2699\ufe0fProcesseur Intel Core i9-9880H (2.8GHz, 4.8GHz Turbo; 12CPUs) \ud83d\udee1\ufe0fRam 32Go DDR4 (extensible \u00e0 64Go) \ud83d\udcc0Disque Dur SSD M2 NVMe 512Go (Extensible \u00e0 1To)","og_url":"https:\/\/nzobusiness.com\/?product=dell-precision-5540-gamer-work-station-9eme-generation","og_site_name":"NZO BUSINESS","article_publisher":"https:\/\/www.facebook.com\/profile.php?id=61561008237804","article_modified_time":"2025-02-14T18:30:15+00:00","og_image":[{"width":1280,"height":960,"url":"https:\/\/nzobusiness.com\/wp-content\/uploads\/2025\/02\/WhatsApp-Image-2025-02-14-at-01.21.19.jpeg","type":"image\/jpeg"}],"twitter_card":"summary_large_image","twitter_misc":{"Dur\u00e9e de lecture estim\u00e9e":"1 minute"},"schema":{"@context":"https:\/\/schema.org","@graph":[{"@type":"WebPage","@id":"https:\/\/nzobusiness.com\/?product=dell-precision-5540-gamer-work-station-9eme-generation","url":"https:\/\/nzobusiness.com\/?product=dell-precision-5540-gamer-work-station-9eme-generation","name":"Dell Precision 5540 Gamer\/Work Station 9\u00e8me g\u00e9n\u00e9ration - NZO BUSINESS","isPartOf":{"@id":"https:\/\/nzobusiness.com\/#website"},"primaryImageOfPage":{"@id":"https:\/\/nzobusiness.com\/?product=dell-precision-5540-gamer-work-station-9eme-generation#primaryimage"},"image":{"@id":"https:\/\/nzobusiness.com\/?product=dell-precision-5540-gamer-work-station-9eme-generation#primaryimage"},"thumbnailUrl":"https:\/\/nzobusiness.com\/wp-content\/uploads\/2025\/02\/WhatsApp-Image-2025-02-14-at-01.21.19.jpeg","datePublished":"2025-02-14T18:30:14+00:00","dateModified":"2025-02-14T18:30:15+00:00","breadcrumb":{"@id":"https:\/\/nzobusiness.com\/?product=dell-precision-5540-gamer-work-station-9eme-generation#breadcrumb"},"inLanguage":"fr-FR","potentialAction":[{"@type":"ReadAction","target":["https:\/\/nzobusiness.com\/?product=dell-precision-5540-gamer-work-station-9eme-generation"]}]},{"@type":"ImageObject","inLanguage":"fr-FR","@id":"https:\/\/nzobusiness.com\/?product=dell-precision-5540-gamer-work-station-9eme-generation#primaryimage","url":"https:\/\/nzobusiness.com\/wp-content\/uploads\/2025\/02\/WhatsApp-Image-2025-02-14-at-01.21.19.jpeg","contentUrl":"https:\/\/nzobusiness.com\/wp-content\/uploads\/2025\/02\/WhatsApp-Image-2025-02-14-at-01.21.19.jpeg","width":1280,"height":960},{"@type":"BreadcrumbList","@id":"https:\/\/nzobusiness.com\/?product=dell-precision-5540-gamer-work-station-9eme-generation#breadcrumb","itemListElement":[{"@type":"ListItem","position":1,"name":"Accueil","item":"https:\/\/nzobusiness.com\/"},{"@type":"ListItem","position":2,"name":"Boutique","item":"https:\/\/nzobusiness.com\/?page_id=9"},{"@type":"ListItem","position":3,"name":"Dell Precision 5540 Gamer\/Work Station 9\u00e8me g\u00e9n\u00e9ration"}]},{"@type":"WebSite","@id":"https:\/\/nzobusiness.com\/#website","url":"https:\/\/nzobusiness.com\/","name":"B2BGT","description":"Faites confiance \u00e0 Nzo Business, pour aller plus loin.","publisher":{"@id":"https:\/\/nzobusiness.com\/#organization"},"potentialAction":[{"@type":"SearchAction","target":{"@type":"EntryPoint","urlTemplate":"https:\/\/nzobusiness.com\/?s={search_term_string}"},"query-input":{"@type":"PropertyValueSpecification","valueRequired":true,"valueName":"search_term_string"}}],"inLanguage":"fr-FR"},{"@type":"Organization","@id":"https:\/\/nzobusiness.com\/#organization","name":"B2BGT (Business To Business Global Technology)","url":"https:\/\/nzobusiness.com\/","logo":{"@type":"ImageObject","inLanguage":"fr-FR","@id":"https:\/\/nzobusiness.com\/#\/schema\/logo\/image\/","url":"https:\/\/nzobusiness.com\/wp-content\/uploads\/2024\/08\/cropped-IMG_3308-2-e1724776281253.png","contentUrl":"https:\/\/nzobusiness.com\/wp-content\/uploads\/2024\/08\/cropped-IMG_3308-2-e1724776281253.png","width":397,"height":396,"caption":"B2BGT (Business To Business Global Technology)"},"image":{"@id":"https:\/\/nzobusiness.com\/#\/schema\/logo\/image\/"},"sameAs":["https:\/\/www.facebook.com\/profile.php?id=61561008237804"]}]}},"_links":{"self":[{"href":"https:\/\/nzobusiness.com\/index.php?rest_route=\/wp\/v2\/product\/6358","targetHints":{"allow":["GET"]}}],"collection":[{"href":"https:\/\/nzobusiness.com\/index.php?rest_route=\/wp\/v2\/product"}],"about":[{"href":"https:\/\/nzobusiness.com\/index.php?rest_route=\/wp\/v2\/types\/product"}],"replies":[{"embeddable":true,"href":"https:\/\/nzobusiness.com\/index.php?rest_route=%2Fwp%2Fv2%2Fcomments&post=6358"}],"wp:featuredmedia":[{"embeddable":true,"href":"https:\/\/nzobusiness.com\/index.php?rest_route=\/wp\/v2\/media\/6359"}],"wp:attachment":[{"href":"https:\/\/nzobusiness.com\/index.php?rest_route=%2Fwp%2Fv2%2Fmedia&parent=6358"}],"wp:term":[{"taxonomy":"product_brand","embeddable":true,"href":"https:\/\/nzobusiness.com\/index.php?rest_route=%2Fwp%2Fv2%2Fproduct_brand&post=6358"},{"taxonomy":"product_cat","embeddable":true,"href":"https:\/\/nzobusiness.com\/index.php?rest_route=%2Fwp%2Fv2%2Fproduct_cat&post=6358"},{"taxonomy":"product_tag","embeddable":true,"href":"https:\/\/nzobusiness.com\/index.php?rest_route=%2Fwp%2Fv2%2Fproduct_tag&post=6358"}],"curies":[{"name":"wp","href":"https:\/\/api.w.org\/{rel}","templated":true}]}}