{"id":6303,"date":"2025-01-14T18:07:50","date_gmt":"2025-01-14T17:07:50","guid":{"rendered":"https:\/\/nzobusiness.com\/?post_type=product&#038;p=6303"},"modified":"2025-03-27T15:24:13","modified_gmt":"2025-03-27T14:24:13","slug":"dell-precision-5530-gamer-work-station-pc-haut-de-gamme","status":"publish","type":"product","link":"https:\/\/nzobusiness.com\/?product=dell-precision-5530-gamer-work-station-pc-haut-de-gamme","title":{"rendered":"Dell PR\u00c9CISION 5530 Gamer\/Work Station (Pc Haut de Gamme)"},"content":{"rendered":"<p>Dell PR\u00c9CISION 5530 Gamer\/Work Station (Pc Haut de Gamme)<br \/>\n\u2699\ufe0fProcesseur Intel Core i9-8950HK (2.9GHz, 4.8GHz Turbo; 12CPUs)<br \/>\n\ud83d\udee1\ufe0fRam 32Go DDR4 (extensible \u00e0 64Go)<br \/>\n\ud83d\udcc0Disque Dur SSD M2 NVMe 512Go (Extensible \u00e0 1To)<br \/>\n\ud83d\udca5\u00c9tat 10\/10 avec sac offert<br \/>\n\ud83c\udf06Carte Graphique Nvidia QUADRO P2000 avec 4Go GDDR5 d\u00e9di\u00e9es<br \/>\n\ud83d\udcbb\u00c9cran bord \u00e0 bord 15.6 pouces avec R\u00e9solution 4K<br \/>\n\u2328\ufe0fClavier R\u00e9tro-\u00e9clair\u00e9<br \/>\n\ud83d\udd0bExcellente Autonomie<br \/>\n\ud83d\udccdAdresse: M\u00e9dina Rue 37 x Blaise Diagne<br \/>\nwww.nzobusiness.com<br \/>\n@nzo_business<\/p>\n","protected":false},"excerpt":{"rendered":"<p>Dell PR\u00c9CISION 5530 Gamer\/Work Station (Pc Haut de Gamme)<br \/>\n\u2699\ufe0fProcesseur Intel Core i9-8950HK (2.9GHz, 4.8GHz Turbo; 12CPUs)<br \/>\n\ud83d\udee1\ufe0fRam 32Go DDR4 (extensible \u00e0 64Go)<br \/>\n\ud83d\udcc0Disque Dur SSD M2 NVMe 512Go (Extensible \u00e0 1To)<br \/>\n\ud83d\udca5\u00c9tat 10\/10 avec sac offert<br \/>\n\ud83c\udf06Carte Graphique Nvidia QUADRO P2000 avec 4Go GDDR5 d\u00e9di\u00e9es<br \/>\n\ud83d\udcbb\u00c9cran bord \u00e0 bord 15.6 pouces avec R\u00e9solution 4K<br \/>\n\u2328\ufe0fClavier R\u00e9tro-\u00e9clair\u00e9<br \/>\n\ud83d\udd0bExcellente Autonomie<br \/>\n\ud83d\udccdAdresse: M\u00e9dina Rue 37 x Blaise Diagne<\/p>\n","protected":false},"featured_media":6305,"comment_status":"open","ping_status":"closed","template":"","meta":{"_acf_changed":false},"product_brand":[],"product_cat":[71,35,67],"product_tag":[],"class_list":{"0":"post-6303","1":"product","2":"type-product","3":"status-publish","4":"has-post-thumbnail","6":"product_cat-dell","7":"product_cat-ordinateurs-portables","8":"product_cat-ordinateurs-portables-2","10":"first","11":"instock","12":"sale","13":"shipping-taxable","14":"purchasable","15":"product-type-simple","16":"add-to-wishlist-after_add_to_cart"},"acf":[],"yoast_head":"<!-- This site is optimized with the Yoast SEO Premium plugin v24.2 (Yoast SEO v27.3) - https:\/\/yoast.com\/product\/yoast-seo-premium-wordpress\/ -->\n<title>Dell PR\u00c9CISION 5530 Gamer\/Work Station (Pc Haut de Gamme) - NZO BUSINESS<\/title>\n<meta name=\"description\" content=\"Dell PR\u00c9CISION 5530 Gamer\/Work Station (Pc Haut de Gamme)\u2699\ufe0fProcesseur Intel Core i9-8950HK (2.9GHz, 4.8GHz Turbo; 12CPUs)\ud83d\udee1\ufe0fRam 32Go DDR4 (extensible \u00e0 64Go)\ud83d\udcc0Disque Dur SSD M2 NVMe 512Go (Extensible \u00e0 1To)\ud83d\udca5\u00c9tat 10\/10 avec sac offert\ud83c\udf06Carte Graphique Nvidia QUADRO P2000 avec 4Go GDDR5 d\u00e9di\u00e9es\ud83d\udcbb\u00c9cran bord \u00e0 bord 15.6 pouces avec R\u00e9solution 4K\u2328\ufe0fClavier R\u00e9tro-\u00e9clair\u00e9\ud83d\udd0bExcellente Autonomie\ud83d\udccdAdresse: M\u00e9dina Rue 37 x Blaise Diagne\" \/>\n<meta name=\"robots\" content=\"index, follow, max-snippet:-1, max-image-preview:large, max-video-preview:-1\" \/>\n<link rel=\"canonical\" href=\"https:\/\/nzobusiness.com\/?product=dell-precision-5530-gamer-work-station-pc-haut-de-gamme\" \/>\n<meta property=\"og:locale\" content=\"fr_FR\" \/>\n<meta property=\"og:type\" content=\"article\" \/>\n<meta property=\"og:title\" content=\"Dell PR\u00c9CISION 5530 Gamer\/Work Station (Pc Haut de Gamme)\" \/>\n<meta property=\"og:description\" content=\"Dell PR\u00c9CISION 5530 Gamer\/Work Station (Pc Haut de Gamme)\u2699\ufe0fProcesseur Intel Core i9-8950HK (2.9GHz, 4.8GHz Turbo; 12CPUs)\ud83d\udee1\ufe0fRam 32Go DDR4 (extensible \u00e0 64Go)\ud83d\udcc0Disque Dur SSD M2 NVMe 512Go (Extensible \u00e0 1To)\ud83d\udca5\u00c9tat 10\/10 avec sac offert\ud83c\udf06Carte Graphique Nvidia QUADRO P2000 avec 4Go GDDR5 d\u00e9di\u00e9es\ud83d\udcbb\u00c9cran bord \u00e0 bord 15.6 pouces avec R\u00e9solution 4K\u2328\ufe0fClavier R\u00e9tro-\u00e9clair\u00e9\ud83d\udd0bExcellente Autonomie\ud83d\udccdAdresse: M\u00e9dina Rue 37 x Blaise Diagne\" \/>\n<meta property=\"og:url\" content=\"https:\/\/nzobusiness.com\/?product=dell-precision-5530-gamer-work-station-pc-haut-de-gamme\" \/>\n<meta property=\"og:site_name\" content=\"NZO BUSINESS\" \/>\n<meta property=\"article:publisher\" content=\"https:\/\/www.facebook.com\/profile.php?id=61561008237804\" \/>\n<meta property=\"article:modified_time\" content=\"2025-03-27T14:24:13+00:00\" \/>\n<meta property=\"og:image\" content=\"https:\/\/nzobusiness.com\/wp-content\/uploads\/2025\/01\/WhatsApp-Image-2025-01-14-at-02.08.01.jpeg\" \/>\n\t<meta property=\"og:image:width\" content=\"960\" \/>\n\t<meta property=\"og:image:height\" content=\"960\" \/>\n\t<meta property=\"og:image:type\" content=\"image\/jpeg\" \/>\n<meta name=\"twitter:card\" content=\"summary_large_image\" \/>\n<meta name=\"twitter:label1\" content=\"Dur\u00e9e de lecture estim\u00e9e\" \/>\n\t<meta name=\"twitter:data1\" content=\"1 minute\" \/>\n<script type=\"application\/ld+json\" class=\"yoast-schema-graph\">{\"@context\":\"https:\\\/\\\/schema.org\",\"@graph\":[{\"@type\":\"WebPage\",\"@id\":\"https:\\\/\\\/nzobusiness.com\\\/?product=dell-precision-5530-gamer-work-station-pc-haut-de-gamme\",\"url\":\"https:\\\/\\\/nzobusiness.com\\\/?product=dell-precision-5530-gamer-work-station-pc-haut-de-gamme\",\"name\":\"Dell PR\u00c9CISION 5530 Gamer\\\/Work Station (Pc Haut de Gamme) - NZO BUSINESS\",\"isPartOf\":{\"@id\":\"https:\\\/\\\/nzobusiness.com\\\/#website\"},\"primaryImageOfPage\":{\"@id\":\"https:\\\/\\\/nzobusiness.com\\\/?product=dell-precision-5530-gamer-work-station-pc-haut-de-gamme#primaryimage\"},\"image\":{\"@id\":\"https:\\\/\\\/nzobusiness.com\\\/?product=dell-precision-5530-gamer-work-station-pc-haut-de-gamme#primaryimage\"},\"thumbnailUrl\":\"https:\\\/\\\/nzobusiness.com\\\/wp-content\\\/uploads\\\/2025\\\/01\\\/WhatsApp-Image-2025-01-14-at-02.08.01.jpeg\",\"datePublished\":\"2025-01-14T17:07:50+00:00\",\"dateModified\":\"2025-03-27T14:24:13+00:00\",\"description\":\"Dell PR\u00c9CISION 5530 Gamer\\\/Work Station (Pc Haut de Gamme)\u2699\ufe0fProcesseur Intel Core i9-8950HK (2.9GHz, 4.8GHz Turbo; 12CPUs)\ud83d\udee1\ufe0fRam 32Go DDR4 (extensible \u00e0 64Go)\ud83d\udcc0Disque Dur SSD M2 NVMe 512Go (Extensible \u00e0 1To)\ud83d\udca5\u00c9tat 10\\\/10 avec sac offert\ud83c\udf06Carte Graphique Nvidia QUADRO P2000 avec 4Go GDDR5 d\u00e9di\u00e9es\ud83d\udcbb\u00c9cran bord \u00e0 bord 15.6 pouces avec R\u00e9solution 4K\u2328\ufe0fClavier R\u00e9tro-\u00e9clair\u00e9\ud83d\udd0bExcellente Autonomie\ud83d\udccdAdresse: M\u00e9dina Rue 37 x Blaise Diagne\",\"breadcrumb\":{\"@id\":\"https:\\\/\\\/nzobusiness.com\\\/?product=dell-precision-5530-gamer-work-station-pc-haut-de-gamme#breadcrumb\"},\"inLanguage\":\"fr-FR\",\"potentialAction\":[{\"@type\":\"ReadAction\",\"target\":[\"https:\\\/\\\/nzobusiness.com\\\/?product=dell-precision-5530-gamer-work-station-pc-haut-de-gamme\"]}]},{\"@type\":\"ImageObject\",\"inLanguage\":\"fr-FR\",\"@id\":\"https:\\\/\\\/nzobusiness.com\\\/?product=dell-precision-5530-gamer-work-station-pc-haut-de-gamme#primaryimage\",\"url\":\"https:\\\/\\\/nzobusiness.com\\\/wp-content\\\/uploads\\\/2025\\\/01\\\/WhatsApp-Image-2025-01-14-at-02.08.01.jpeg\",\"contentUrl\":\"https:\\\/\\\/nzobusiness.com\\\/wp-content\\\/uploads\\\/2025\\\/01\\\/WhatsApp-Image-2025-01-14-at-02.08.01.jpeg\",\"width\":960,\"height\":960},{\"@type\":\"BreadcrumbList\",\"@id\":\"https:\\\/\\\/nzobusiness.com\\\/?product=dell-precision-5530-gamer-work-station-pc-haut-de-gamme#breadcrumb\",\"itemListElement\":[{\"@type\":\"ListItem\",\"position\":1,\"name\":\"Accueil\",\"item\":\"https:\\\/\\\/nzobusiness.com\\\/\"},{\"@type\":\"ListItem\",\"position\":2,\"name\":\"Boutique\",\"item\":\"https:\\\/\\\/nzobusiness.com\\\/?page_id=9\"},{\"@type\":\"ListItem\",\"position\":3,\"name\":\"Dell PR\u00c9CISION 5530 Gamer\\\/Work Station (Pc Haut de Gamme)\"}]},{\"@type\":\"WebSite\",\"@id\":\"https:\\\/\\\/nzobusiness.com\\\/#website\",\"url\":\"https:\\\/\\\/nzobusiness.com\\\/\",\"name\":\"B2BGT\",\"description\":\"Faites confiance \u00e0 Nzo Business, pour aller plus loin.\",\"publisher\":{\"@id\":\"https:\\\/\\\/nzobusiness.com\\\/#organization\"},\"potentialAction\":[{\"@type\":\"SearchAction\",\"target\":{\"@type\":\"EntryPoint\",\"urlTemplate\":\"https:\\\/\\\/nzobusiness.com\\\/?s={search_term_string}\"},\"query-input\":{\"@type\":\"PropertyValueSpecification\",\"valueRequired\":true,\"valueName\":\"search_term_string\"}}],\"inLanguage\":\"fr-FR\"},{\"@type\":\"Organization\",\"@id\":\"https:\\\/\\\/nzobusiness.com\\\/#organization\",\"name\":\"B2BGT (Business To Business Global Technology)\",\"url\":\"https:\\\/\\\/nzobusiness.com\\\/\",\"logo\":{\"@type\":\"ImageObject\",\"inLanguage\":\"fr-FR\",\"@id\":\"https:\\\/\\\/nzobusiness.com\\\/#\\\/schema\\\/logo\\\/image\\\/\",\"url\":\"https:\\\/\\\/nzobusiness.com\\\/wp-content\\\/uploads\\\/2024\\\/08\\\/cropped-IMG_3308-2-e1724776281253.png\",\"contentUrl\":\"https:\\\/\\\/nzobusiness.com\\\/wp-content\\\/uploads\\\/2024\\\/08\\\/cropped-IMG_3308-2-e1724776281253.png\",\"width\":397,\"height\":396,\"caption\":\"B2BGT (Business To Business Global Technology)\"},\"image\":{\"@id\":\"https:\\\/\\\/nzobusiness.com\\\/#\\\/schema\\\/logo\\\/image\\\/\"},\"sameAs\":[\"https:\\\/\\\/www.facebook.com\\\/profile.php?id=61561008237804\"]}]}<\/script>\n<!-- \/ Yoast SEO Premium plugin. -->","yoast_head_json":{"title":"Dell PR\u00c9CISION 5530 Gamer\/Work Station (Pc Haut de Gamme) - NZO BUSINESS","description":"Dell PR\u00c9CISION 5530 Gamer\/Work Station (Pc Haut de Gamme)\u2699\ufe0fProcesseur Intel Core i9-8950HK (2.9GHz, 4.8GHz Turbo; 12CPUs)\ud83d\udee1\ufe0fRam 32Go DDR4 (extensible \u00e0 64Go)\ud83d\udcc0Disque Dur SSD M2 NVMe 512Go (Extensible \u00e0 1To)\ud83d\udca5\u00c9tat 10\/10 avec sac offert\ud83c\udf06Carte Graphique Nvidia QUADRO P2000 avec 4Go GDDR5 d\u00e9di\u00e9es\ud83d\udcbb\u00c9cran bord \u00e0 bord 15.6 pouces avec R\u00e9solution 4K\u2328\ufe0fClavier R\u00e9tro-\u00e9clair\u00e9\ud83d\udd0bExcellente Autonomie\ud83d\udccdAdresse: M\u00e9dina Rue 37 x Blaise Diagne","robots":{"index":"index","follow":"follow","max-snippet":"max-snippet:-1","max-image-preview":"max-image-preview:large","max-video-preview":"max-video-preview:-1"},"canonical":"https:\/\/nzobusiness.com\/?product=dell-precision-5530-gamer-work-station-pc-haut-de-gamme","og_locale":"fr_FR","og_type":"article","og_title":"Dell PR\u00c9CISION 5530 Gamer\/Work Station (Pc Haut de Gamme)","og_description":"Dell PR\u00c9CISION 5530 Gamer\/Work Station (Pc Haut de Gamme)\u2699\ufe0fProcesseur Intel Core i9-8950HK (2.9GHz, 4.8GHz Turbo; 12CPUs)\ud83d\udee1\ufe0fRam 32Go DDR4 (extensible \u00e0 64Go)\ud83d\udcc0Disque Dur SSD M2 NVMe 512Go (Extensible \u00e0 1To)\ud83d\udca5\u00c9tat 10\/10 avec sac offert\ud83c\udf06Carte Graphique Nvidia QUADRO P2000 avec 4Go GDDR5 d\u00e9di\u00e9es\ud83d\udcbb\u00c9cran bord \u00e0 bord 15.6 pouces avec R\u00e9solution 4K\u2328\ufe0fClavier R\u00e9tro-\u00e9clair\u00e9\ud83d\udd0bExcellente Autonomie\ud83d\udccdAdresse: M\u00e9dina Rue 37 x Blaise Diagne","og_url":"https:\/\/nzobusiness.com\/?product=dell-precision-5530-gamer-work-station-pc-haut-de-gamme","og_site_name":"NZO BUSINESS","article_publisher":"https:\/\/www.facebook.com\/profile.php?id=61561008237804","article_modified_time":"2025-03-27T14:24:13+00:00","og_image":[{"width":960,"height":960,"url":"https:\/\/nzobusiness.com\/wp-content\/uploads\/2025\/01\/WhatsApp-Image-2025-01-14-at-02.08.01.jpeg","type":"image\/jpeg"}],"twitter_card":"summary_large_image","twitter_misc":{"Dur\u00e9e de lecture estim\u00e9e":"1 minute"},"schema":{"@context":"https:\/\/schema.org","@graph":[{"@type":"WebPage","@id":"https:\/\/nzobusiness.com\/?product=dell-precision-5530-gamer-work-station-pc-haut-de-gamme","url":"https:\/\/nzobusiness.com\/?product=dell-precision-5530-gamer-work-station-pc-haut-de-gamme","name":"Dell PR\u00c9CISION 5530 Gamer\/Work Station (Pc Haut de Gamme) - NZO BUSINESS","isPartOf":{"@id":"https:\/\/nzobusiness.com\/#website"},"primaryImageOfPage":{"@id":"https:\/\/nzobusiness.com\/?product=dell-precision-5530-gamer-work-station-pc-haut-de-gamme#primaryimage"},"image":{"@id":"https:\/\/nzobusiness.com\/?product=dell-precision-5530-gamer-work-station-pc-haut-de-gamme#primaryimage"},"thumbnailUrl":"https:\/\/nzobusiness.com\/wp-content\/uploads\/2025\/01\/WhatsApp-Image-2025-01-14-at-02.08.01.jpeg","datePublished":"2025-01-14T17:07:50+00:00","dateModified":"2025-03-27T14:24:13+00:00","description":"Dell PR\u00c9CISION 5530 Gamer\/Work Station (Pc Haut de Gamme)\u2699\ufe0fProcesseur Intel Core i9-8950HK (2.9GHz, 4.8GHz Turbo; 12CPUs)\ud83d\udee1\ufe0fRam 32Go DDR4 (extensible \u00e0 64Go)\ud83d\udcc0Disque Dur SSD M2 NVMe 512Go (Extensible \u00e0 1To)\ud83d\udca5\u00c9tat 10\/10 avec sac offert\ud83c\udf06Carte Graphique Nvidia QUADRO P2000 avec 4Go GDDR5 d\u00e9di\u00e9es\ud83d\udcbb\u00c9cran bord \u00e0 bord 15.6 pouces avec R\u00e9solution 4K\u2328\ufe0fClavier R\u00e9tro-\u00e9clair\u00e9\ud83d\udd0bExcellente Autonomie\ud83d\udccdAdresse: M\u00e9dina Rue 37 x Blaise Diagne","breadcrumb":{"@id":"https:\/\/nzobusiness.com\/?product=dell-precision-5530-gamer-work-station-pc-haut-de-gamme#breadcrumb"},"inLanguage":"fr-FR","potentialAction":[{"@type":"ReadAction","target":["https:\/\/nzobusiness.com\/?product=dell-precision-5530-gamer-work-station-pc-haut-de-gamme"]}]},{"@type":"ImageObject","inLanguage":"fr-FR","@id":"https:\/\/nzobusiness.com\/?product=dell-precision-5530-gamer-work-station-pc-haut-de-gamme#primaryimage","url":"https:\/\/nzobusiness.com\/wp-content\/uploads\/2025\/01\/WhatsApp-Image-2025-01-14-at-02.08.01.jpeg","contentUrl":"https:\/\/nzobusiness.com\/wp-content\/uploads\/2025\/01\/WhatsApp-Image-2025-01-14-at-02.08.01.jpeg","width":960,"height":960},{"@type":"BreadcrumbList","@id":"https:\/\/nzobusiness.com\/?product=dell-precision-5530-gamer-work-station-pc-haut-de-gamme#breadcrumb","itemListElement":[{"@type":"ListItem","position":1,"name":"Accueil","item":"https:\/\/nzobusiness.com\/"},{"@type":"ListItem","position":2,"name":"Boutique","item":"https:\/\/nzobusiness.com\/?page_id=9"},{"@type":"ListItem","position":3,"name":"Dell PR\u00c9CISION 5530 Gamer\/Work Station (Pc Haut de Gamme)"}]},{"@type":"WebSite","@id":"https:\/\/nzobusiness.com\/#website","url":"https:\/\/nzobusiness.com\/","name":"B2BGT","description":"Faites confiance \u00e0 Nzo Business, pour aller plus loin.","publisher":{"@id":"https:\/\/nzobusiness.com\/#organization"},"potentialAction":[{"@type":"SearchAction","target":{"@type":"EntryPoint","urlTemplate":"https:\/\/nzobusiness.com\/?s={search_term_string}"},"query-input":{"@type":"PropertyValueSpecification","valueRequired":true,"valueName":"search_term_string"}}],"inLanguage":"fr-FR"},{"@type":"Organization","@id":"https:\/\/nzobusiness.com\/#organization","name":"B2BGT (Business To Business Global Technology)","url":"https:\/\/nzobusiness.com\/","logo":{"@type":"ImageObject","inLanguage":"fr-FR","@id":"https:\/\/nzobusiness.com\/#\/schema\/logo\/image\/","url":"https:\/\/nzobusiness.com\/wp-content\/uploads\/2024\/08\/cropped-IMG_3308-2-e1724776281253.png","contentUrl":"https:\/\/nzobusiness.com\/wp-content\/uploads\/2024\/08\/cropped-IMG_3308-2-e1724776281253.png","width":397,"height":396,"caption":"B2BGT (Business To Business Global Technology)"},"image":{"@id":"https:\/\/nzobusiness.com\/#\/schema\/logo\/image\/"},"sameAs":["https:\/\/www.facebook.com\/profile.php?id=61561008237804"]}]}},"_links":{"self":[{"href":"https:\/\/nzobusiness.com\/index.php?rest_route=\/wp\/v2\/product\/6303","targetHints":{"allow":["GET"]}}],"collection":[{"href":"https:\/\/nzobusiness.com\/index.php?rest_route=\/wp\/v2\/product"}],"about":[{"href":"https:\/\/nzobusiness.com\/index.php?rest_route=\/wp\/v2\/types\/product"}],"replies":[{"embeddable":true,"href":"https:\/\/nzobusiness.com\/index.php?rest_route=%2Fwp%2Fv2%2Fcomments&post=6303"}],"wp:featuredmedia":[{"embeddable":true,"href":"https:\/\/nzobusiness.com\/index.php?rest_route=\/wp\/v2\/media\/6305"}],"wp:attachment":[{"href":"https:\/\/nzobusiness.com\/index.php?rest_route=%2Fwp%2Fv2%2Fmedia&parent=6303"}],"wp:term":[{"taxonomy":"product_brand","embeddable":true,"href":"https:\/\/nzobusiness.com\/index.php?rest_route=%2Fwp%2Fv2%2Fproduct_brand&post=6303"},{"taxonomy":"product_cat","embeddable":true,"href":"https:\/\/nzobusiness.com\/index.php?rest_route=%2Fwp%2Fv2%2Fproduct_cat&post=6303"},{"taxonomy":"product_tag","embeddable":true,"href":"https:\/\/nzobusiness.com\/index.php?rest_route=%2Fwp%2Fv2%2Fproduct_tag&post=6303"}],"curies":[{"name":"wp","href":"https:\/\/api.w.org\/{rel}","templated":true}]}}