{"id":6295,"date":"2025-01-12T08:45:26","date_gmt":"2025-01-12T07:45:26","guid":{"rendered":"https:\/\/nzobusiness.com\/?post_type=product&#038;p=6295"},"modified":"2025-01-12T08:45:27","modified_gmt":"2025-01-12T07:45:27","slug":"hp-elitebook-x360-1040-g7-core-i7-10eme-generation","status":"publish","type":"product","link":"https:\/\/nzobusiness.com\/?product=hp-elitebook-x360-1040-g7-core-i7-10eme-generation","title":{"rendered":"Hp Elitebook X360 1040 G7 Core i7 10\u00e8me g\u00e9n\u00e9ration"},"content":{"rendered":"<p>Hp Elitebook X360 1040 G7 Core i7 10\u00e8me g\u00e9n\u00e9ration<br \/>\n\u2699\ufe0fProcesseur Intel Core i7-10510U (Quad-Core 1.8 GHz \/ 4.9 GHz Turbo &#8211; 8 Threads &#8211; Cache 8 Mo)<br \/>\n\ud83d\udee1\ufe0fRam 16Go DDR4<br \/>\n\ud83d\udcc0Disque Dur SSD 512Go<br \/>\n\ud83d\udd25Pc haut de gamme hybride pliable<br \/>\n\ud83d\udca5\u00c9tat Neuf<br \/>\n\ud83d\udcbb\u00c9cran Tactile Full HD 14 pouces avec IPS<br \/>\n\u2328\ufe0fClavier R\u00e9tro-\u00e9clair\u00e9 + Empreinte Digitale<br \/>\n\ud83d\udd0bExcellente Autonomie<br \/>\n\ud83d\udccdAdresse: M\u00e9dina Rue 37 x Blaise Diagne<br \/>\nSite: www.nzobusiness.com<br \/>\n@nzo_business<\/p>\n","protected":false},"excerpt":{"rendered":"<p>Hp Elitebook X360 1040 G7 Core i7 10\u00e8me g\u00e9n\u00e9ration<br \/>\n\u2699\ufe0fProcesseur Intel Core i7-10510U (Quad-Core 1.8 GHz \/ 4.9 GHz Turbo &#8211; 8 Threads &#8211; Cache 8 Mo)<br \/>\n\ud83d\udee1\ufe0fRam 16Go DDR4<br \/>\n\ud83d\udcc0Disque Dur SSD 512Go<br \/>\n\ud83d\udd25Pc haut de gamme hybride pliable<br \/>\n\ud83d\udca5\u00c9tat Neuf<br \/>\n\ud83d\udcbb\u00c9cran Tactile Full HD 14 pouces avec IPS<br \/>\n\u2328\ufe0fClavier R\u00e9tro-\u00e9clair\u00e9 + Empreinte Digitale<br \/>\n\ud83d\udd0bExcellente Autonomie<br \/>\n\ud83d\udccdAdresse: M\u00e9dina Rue 37 x Blaise Diagne<br \/>\nSite: www.nzobusiness.com<br \/>\n@nzo_business<\/p>\n","protected":false},"featured_media":6300,"comment_status":"open","ping_status":"closed","template":"","meta":{"_acf_changed":false},"product_brand":[],"product_cat":[72,74,35,67],"product_tag":[],"class_list":{"0":"post-6295","1":"product","2":"type-product","3":"status-publish","4":"has-post-thumbnail","6":"product_cat-hp","7":"product_cat-hp-elitebook","8":"product_cat-ordinateurs-portables","9":"product_cat-ordinateurs-portables-2","11":"first","12":"instock","13":"shipping-taxable","14":"purchasable","15":"product-type-simple","16":"add-to-wishlist-after_add_to_cart"},"acf":[],"yoast_head":"<!-- This site is optimized with the Yoast SEO Premium plugin v24.2 (Yoast SEO v27.3) - https:\/\/yoast.com\/product\/yoast-seo-premium-wordpress\/ -->\n<title>Hp Elitebook X360 1040 G7 Core i7 10\u00e8me g\u00e9n\u00e9ration - NZO BUSINESS<\/title>\n<meta name=\"description\" content=\"Hp Elitebook X360 1040 G7 Core i7 10\u00e8me g\u00e9n\u00e9ration\u2699\ufe0fProcesseur Intel Core i7-10510U (Quad-Core 1.8 GHz \/ 4.9 GHz Turbo - 8 Threads - Cache 8 Mo)\ud83d\udee1\ufe0fRam 16Go DDR4\ud83d\udcc0Disque Dur SSD 512Go\ud83d\udd25Pc haut de gamme hybride pliable\ud83d\udca5\u00c9tat Neuf\ud83d\udcbb\u00c9cran Tactile Full HD 14 pouces avec IPS\u2328\ufe0fClavier R\u00e9tro-\u00e9clair\u00e9 + Empreinte Digitale\ud83d\udd0bExcellente Autonomie\ud83d\udccdAdresse: M\u00e9dina Rue 37 x Blaise DiagneSite: www.nzobusiness.com@nzo_business\" \/>\n<meta name=\"robots\" content=\"index, follow, max-snippet:-1, max-image-preview:large, max-video-preview:-1\" \/>\n<link rel=\"canonical\" href=\"https:\/\/nzobusiness.com\/?product=hp-elitebook-x360-1040-g7-core-i7-10eme-generation\" \/>\n<meta property=\"og:locale\" content=\"fr_FR\" \/>\n<meta property=\"og:type\" content=\"article\" \/>\n<meta property=\"og:title\" content=\"Hp Elitebook X360 1040 G7 Core i7 10\u00e8me g\u00e9n\u00e9ration\" \/>\n<meta property=\"og:description\" content=\"Hp Elitebook X360 1040 G7 Core i7 10\u00e8me g\u00e9n\u00e9ration\u2699\ufe0fProcesseur Intel Core i7-10510U (Quad-Core 1.8 GHz \/ 4.9 GHz Turbo - 8 Threads - Cache 8 Mo)\ud83d\udee1\ufe0fRam 16Go DDR4\ud83d\udcc0Disque Dur SSD 512Go\ud83d\udd25Pc haut de gamme hybride pliable\ud83d\udca5\u00c9tat Neuf\ud83d\udcbb\u00c9cran Tactile Full HD 14 pouces avec IPS\u2328\ufe0fClavier R\u00e9tro-\u00e9clair\u00e9 + Empreinte Digitale\ud83d\udd0bExcellente Autonomie\ud83d\udccdAdresse: M\u00e9dina Rue 37 x Blaise DiagneSite: www.nzobusiness.com@nzo_business\" \/>\n<meta property=\"og:url\" content=\"https:\/\/nzobusiness.com\/?product=hp-elitebook-x360-1040-g7-core-i7-10eme-generation\" \/>\n<meta property=\"og:site_name\" content=\"NZO BUSINESS\" \/>\n<meta property=\"article:publisher\" content=\"https:\/\/www.facebook.com\/profile.php?id=61561008237804\" \/>\n<meta property=\"article:modified_time\" content=\"2025-01-12T07:45:27+00:00\" \/>\n<meta property=\"og:image\" content=\"https:\/\/nzobusiness.com\/wp-content\/uploads\/2025\/01\/WhatsApp-Image-2024-09-28-at-20.14.31.jpeg\" \/>\n\t<meta property=\"og:image:width\" content=\"1024\" \/>\n\t<meta property=\"og:image:height\" content=\"1280\" \/>\n\t<meta property=\"og:image:type\" content=\"image\/jpeg\" \/>\n<meta name=\"twitter:card\" content=\"summary_large_image\" \/>\n<meta name=\"twitter:label1\" content=\"Dur\u00e9e de lecture estim\u00e9e\" \/>\n\t<meta name=\"twitter:data1\" content=\"1 minute\" \/>\n<script type=\"application\/ld+json\" class=\"yoast-schema-graph\">{\"@context\":\"https:\\\/\\\/schema.org\",\"@graph\":[{\"@type\":\"WebPage\",\"@id\":\"https:\\\/\\\/nzobusiness.com\\\/?product=hp-elitebook-x360-1040-g7-core-i7-10eme-generation\",\"url\":\"https:\\\/\\\/nzobusiness.com\\\/?product=hp-elitebook-x360-1040-g7-core-i7-10eme-generation\",\"name\":\"Hp Elitebook X360 1040 G7 Core i7 10\u00e8me g\u00e9n\u00e9ration - NZO BUSINESS\",\"isPartOf\":{\"@id\":\"https:\\\/\\\/nzobusiness.com\\\/#website\"},\"primaryImageOfPage\":{\"@id\":\"https:\\\/\\\/nzobusiness.com\\\/?product=hp-elitebook-x360-1040-g7-core-i7-10eme-generation#primaryimage\"},\"image\":{\"@id\":\"https:\\\/\\\/nzobusiness.com\\\/?product=hp-elitebook-x360-1040-g7-core-i7-10eme-generation#primaryimage\"},\"thumbnailUrl\":\"https:\\\/\\\/nzobusiness.com\\\/wp-content\\\/uploads\\\/2025\\\/01\\\/WhatsApp-Image-2024-09-28-at-20.14.31.jpeg\",\"datePublished\":\"2025-01-12T07:45:26+00:00\",\"dateModified\":\"2025-01-12T07:45:27+00:00\",\"description\":\"Hp Elitebook X360 1040 G7 Core i7 10\u00e8me g\u00e9n\u00e9ration\u2699\ufe0fProcesseur Intel Core i7-10510U (Quad-Core 1.8 GHz \\\/ 4.9 GHz Turbo - 8 Threads - Cache 8 Mo)\ud83d\udee1\ufe0fRam 16Go DDR4\ud83d\udcc0Disque Dur SSD 512Go\ud83d\udd25Pc haut de gamme hybride pliable\ud83d\udca5\u00c9tat Neuf\ud83d\udcbb\u00c9cran Tactile Full HD 14 pouces avec IPS\u2328\ufe0fClavier R\u00e9tro-\u00e9clair\u00e9 + Empreinte Digitale\ud83d\udd0bExcellente Autonomie\ud83d\udccdAdresse: M\u00e9dina Rue 37 x Blaise DiagneSite: www.nzobusiness.com@nzo_business\",\"breadcrumb\":{\"@id\":\"https:\\\/\\\/nzobusiness.com\\\/?product=hp-elitebook-x360-1040-g7-core-i7-10eme-generation#breadcrumb\"},\"inLanguage\":\"fr-FR\",\"potentialAction\":[{\"@type\":\"ReadAction\",\"target\":[\"https:\\\/\\\/nzobusiness.com\\\/?product=hp-elitebook-x360-1040-g7-core-i7-10eme-generation\"]}]},{\"@type\":\"ImageObject\",\"inLanguage\":\"fr-FR\",\"@id\":\"https:\\\/\\\/nzobusiness.com\\\/?product=hp-elitebook-x360-1040-g7-core-i7-10eme-generation#primaryimage\",\"url\":\"https:\\\/\\\/nzobusiness.com\\\/wp-content\\\/uploads\\\/2025\\\/01\\\/WhatsApp-Image-2024-09-28-at-20.14.31.jpeg\",\"contentUrl\":\"https:\\\/\\\/nzobusiness.com\\\/wp-content\\\/uploads\\\/2025\\\/01\\\/WhatsApp-Image-2024-09-28-at-20.14.31.jpeg\",\"width\":1024,\"height\":1280},{\"@type\":\"BreadcrumbList\",\"@id\":\"https:\\\/\\\/nzobusiness.com\\\/?product=hp-elitebook-x360-1040-g7-core-i7-10eme-generation#breadcrumb\",\"itemListElement\":[{\"@type\":\"ListItem\",\"position\":1,\"name\":\"Accueil\",\"item\":\"https:\\\/\\\/nzobusiness.com\\\/\"},{\"@type\":\"ListItem\",\"position\":2,\"name\":\"Boutique\",\"item\":\"https:\\\/\\\/nzobusiness.com\\\/?page_id=9\"},{\"@type\":\"ListItem\",\"position\":3,\"name\":\"Hp Elitebook X360 1040 G7 Core i7 10\u00e8me g\u00e9n\u00e9ration\"}]},{\"@type\":\"WebSite\",\"@id\":\"https:\\\/\\\/nzobusiness.com\\\/#website\",\"url\":\"https:\\\/\\\/nzobusiness.com\\\/\",\"name\":\"B2BGT\",\"description\":\"Faites confiance \u00e0 Nzo Business, pour aller plus loin.\",\"publisher\":{\"@id\":\"https:\\\/\\\/nzobusiness.com\\\/#organization\"},\"potentialAction\":[{\"@type\":\"SearchAction\",\"target\":{\"@type\":\"EntryPoint\",\"urlTemplate\":\"https:\\\/\\\/nzobusiness.com\\\/?s={search_term_string}\"},\"query-input\":{\"@type\":\"PropertyValueSpecification\",\"valueRequired\":true,\"valueName\":\"search_term_string\"}}],\"inLanguage\":\"fr-FR\"},{\"@type\":\"Organization\",\"@id\":\"https:\\\/\\\/nzobusiness.com\\\/#organization\",\"name\":\"B2BGT (Business To Business Global Technology)\",\"url\":\"https:\\\/\\\/nzobusiness.com\\\/\",\"logo\":{\"@type\":\"ImageObject\",\"inLanguage\":\"fr-FR\",\"@id\":\"https:\\\/\\\/nzobusiness.com\\\/#\\\/schema\\\/logo\\\/image\\\/\",\"url\":\"https:\\\/\\\/nzobusiness.com\\\/wp-content\\\/uploads\\\/2024\\\/08\\\/cropped-IMG_3308-2-e1724776281253.png\",\"contentUrl\":\"https:\\\/\\\/nzobusiness.com\\\/wp-content\\\/uploads\\\/2024\\\/08\\\/cropped-IMG_3308-2-e1724776281253.png\",\"width\":397,\"height\":396,\"caption\":\"B2BGT (Business To Business Global Technology)\"},\"image\":{\"@id\":\"https:\\\/\\\/nzobusiness.com\\\/#\\\/schema\\\/logo\\\/image\\\/\"},\"sameAs\":[\"https:\\\/\\\/www.facebook.com\\\/profile.php?id=61561008237804\"]}]}<\/script>\n<!-- \/ Yoast SEO Premium plugin. -->","yoast_head_json":{"title":"Hp Elitebook X360 1040 G7 Core i7 10\u00e8me g\u00e9n\u00e9ration - NZO BUSINESS","description":"Hp Elitebook X360 1040 G7 Core i7 10\u00e8me g\u00e9n\u00e9ration\u2699\ufe0fProcesseur Intel Core i7-10510U (Quad-Core 1.8 GHz \/ 4.9 GHz Turbo - 8 Threads - Cache 8 Mo)\ud83d\udee1\ufe0fRam 16Go DDR4\ud83d\udcc0Disque Dur SSD 512Go\ud83d\udd25Pc haut de gamme hybride pliable\ud83d\udca5\u00c9tat Neuf\ud83d\udcbb\u00c9cran Tactile Full HD 14 pouces avec IPS\u2328\ufe0fClavier R\u00e9tro-\u00e9clair\u00e9 + Empreinte Digitale\ud83d\udd0bExcellente Autonomie\ud83d\udccdAdresse: M\u00e9dina Rue 37 x Blaise DiagneSite: www.nzobusiness.com@nzo_business","robots":{"index":"index","follow":"follow","max-snippet":"max-snippet:-1","max-image-preview":"max-image-preview:large","max-video-preview":"max-video-preview:-1"},"canonical":"https:\/\/nzobusiness.com\/?product=hp-elitebook-x360-1040-g7-core-i7-10eme-generation","og_locale":"fr_FR","og_type":"article","og_title":"Hp Elitebook X360 1040 G7 Core i7 10\u00e8me g\u00e9n\u00e9ration","og_description":"Hp Elitebook X360 1040 G7 Core i7 10\u00e8me g\u00e9n\u00e9ration\u2699\ufe0fProcesseur Intel Core i7-10510U (Quad-Core 1.8 GHz \/ 4.9 GHz Turbo - 8 Threads - Cache 8 Mo)\ud83d\udee1\ufe0fRam 16Go DDR4\ud83d\udcc0Disque Dur SSD 512Go\ud83d\udd25Pc haut de gamme hybride pliable\ud83d\udca5\u00c9tat Neuf\ud83d\udcbb\u00c9cran Tactile Full HD 14 pouces avec IPS\u2328\ufe0fClavier R\u00e9tro-\u00e9clair\u00e9 + Empreinte Digitale\ud83d\udd0bExcellente Autonomie\ud83d\udccdAdresse: M\u00e9dina Rue 37 x Blaise DiagneSite: www.nzobusiness.com@nzo_business","og_url":"https:\/\/nzobusiness.com\/?product=hp-elitebook-x360-1040-g7-core-i7-10eme-generation","og_site_name":"NZO BUSINESS","article_publisher":"https:\/\/www.facebook.com\/profile.php?id=61561008237804","article_modified_time":"2025-01-12T07:45:27+00:00","og_image":[{"width":1024,"height":1280,"url":"https:\/\/nzobusiness.com\/wp-content\/uploads\/2025\/01\/WhatsApp-Image-2024-09-28-at-20.14.31.jpeg","type":"image\/jpeg"}],"twitter_card":"summary_large_image","twitter_misc":{"Dur\u00e9e de lecture estim\u00e9e":"1 minute"},"schema":{"@context":"https:\/\/schema.org","@graph":[{"@type":"WebPage","@id":"https:\/\/nzobusiness.com\/?product=hp-elitebook-x360-1040-g7-core-i7-10eme-generation","url":"https:\/\/nzobusiness.com\/?product=hp-elitebook-x360-1040-g7-core-i7-10eme-generation","name":"Hp Elitebook X360 1040 G7 Core i7 10\u00e8me g\u00e9n\u00e9ration - NZO BUSINESS","isPartOf":{"@id":"https:\/\/nzobusiness.com\/#website"},"primaryImageOfPage":{"@id":"https:\/\/nzobusiness.com\/?product=hp-elitebook-x360-1040-g7-core-i7-10eme-generation#primaryimage"},"image":{"@id":"https:\/\/nzobusiness.com\/?product=hp-elitebook-x360-1040-g7-core-i7-10eme-generation#primaryimage"},"thumbnailUrl":"https:\/\/nzobusiness.com\/wp-content\/uploads\/2025\/01\/WhatsApp-Image-2024-09-28-at-20.14.31.jpeg","datePublished":"2025-01-12T07:45:26+00:00","dateModified":"2025-01-12T07:45:27+00:00","description":"Hp Elitebook X360 1040 G7 Core i7 10\u00e8me g\u00e9n\u00e9ration\u2699\ufe0fProcesseur Intel Core i7-10510U (Quad-Core 1.8 GHz \/ 4.9 GHz Turbo - 8 Threads - Cache 8 Mo)\ud83d\udee1\ufe0fRam 16Go DDR4\ud83d\udcc0Disque Dur SSD 512Go\ud83d\udd25Pc haut de gamme hybride pliable\ud83d\udca5\u00c9tat Neuf\ud83d\udcbb\u00c9cran Tactile Full HD 14 pouces avec IPS\u2328\ufe0fClavier R\u00e9tro-\u00e9clair\u00e9 + Empreinte Digitale\ud83d\udd0bExcellente Autonomie\ud83d\udccdAdresse: M\u00e9dina Rue 37 x Blaise DiagneSite: www.nzobusiness.com@nzo_business","breadcrumb":{"@id":"https:\/\/nzobusiness.com\/?product=hp-elitebook-x360-1040-g7-core-i7-10eme-generation#breadcrumb"},"inLanguage":"fr-FR","potentialAction":[{"@type":"ReadAction","target":["https:\/\/nzobusiness.com\/?product=hp-elitebook-x360-1040-g7-core-i7-10eme-generation"]}]},{"@type":"ImageObject","inLanguage":"fr-FR","@id":"https:\/\/nzobusiness.com\/?product=hp-elitebook-x360-1040-g7-core-i7-10eme-generation#primaryimage","url":"https:\/\/nzobusiness.com\/wp-content\/uploads\/2025\/01\/WhatsApp-Image-2024-09-28-at-20.14.31.jpeg","contentUrl":"https:\/\/nzobusiness.com\/wp-content\/uploads\/2025\/01\/WhatsApp-Image-2024-09-28-at-20.14.31.jpeg","width":1024,"height":1280},{"@type":"BreadcrumbList","@id":"https:\/\/nzobusiness.com\/?product=hp-elitebook-x360-1040-g7-core-i7-10eme-generation#breadcrumb","itemListElement":[{"@type":"ListItem","position":1,"name":"Accueil","item":"https:\/\/nzobusiness.com\/"},{"@type":"ListItem","position":2,"name":"Boutique","item":"https:\/\/nzobusiness.com\/?page_id=9"},{"@type":"ListItem","position":3,"name":"Hp Elitebook X360 1040 G7 Core i7 10\u00e8me g\u00e9n\u00e9ration"}]},{"@type":"WebSite","@id":"https:\/\/nzobusiness.com\/#website","url":"https:\/\/nzobusiness.com\/","name":"B2BGT","description":"Faites confiance \u00e0 Nzo Business, pour aller plus loin.","publisher":{"@id":"https:\/\/nzobusiness.com\/#organization"},"potentialAction":[{"@type":"SearchAction","target":{"@type":"EntryPoint","urlTemplate":"https:\/\/nzobusiness.com\/?s={search_term_string}"},"query-input":{"@type":"PropertyValueSpecification","valueRequired":true,"valueName":"search_term_string"}}],"inLanguage":"fr-FR"},{"@type":"Organization","@id":"https:\/\/nzobusiness.com\/#organization","name":"B2BGT (Business To Business Global Technology)","url":"https:\/\/nzobusiness.com\/","logo":{"@type":"ImageObject","inLanguage":"fr-FR","@id":"https:\/\/nzobusiness.com\/#\/schema\/logo\/image\/","url":"https:\/\/nzobusiness.com\/wp-content\/uploads\/2024\/08\/cropped-IMG_3308-2-e1724776281253.png","contentUrl":"https:\/\/nzobusiness.com\/wp-content\/uploads\/2024\/08\/cropped-IMG_3308-2-e1724776281253.png","width":397,"height":396,"caption":"B2BGT (Business To Business Global Technology)"},"image":{"@id":"https:\/\/nzobusiness.com\/#\/schema\/logo\/image\/"},"sameAs":["https:\/\/www.facebook.com\/profile.php?id=61561008237804"]}]}},"_links":{"self":[{"href":"https:\/\/nzobusiness.com\/index.php?rest_route=\/wp\/v2\/product\/6295","targetHints":{"allow":["GET"]}}],"collection":[{"href":"https:\/\/nzobusiness.com\/index.php?rest_route=\/wp\/v2\/product"}],"about":[{"href":"https:\/\/nzobusiness.com\/index.php?rest_route=\/wp\/v2\/types\/product"}],"replies":[{"embeddable":true,"href":"https:\/\/nzobusiness.com\/index.php?rest_route=%2Fwp%2Fv2%2Fcomments&post=6295"}],"wp:featuredmedia":[{"embeddable":true,"href":"https:\/\/nzobusiness.com\/index.php?rest_route=\/wp\/v2\/media\/6300"}],"wp:attachment":[{"href":"https:\/\/nzobusiness.com\/index.php?rest_route=%2Fwp%2Fv2%2Fmedia&parent=6295"}],"wp:term":[{"taxonomy":"product_brand","embeddable":true,"href":"https:\/\/nzobusiness.com\/index.php?rest_route=%2Fwp%2Fv2%2Fproduct_brand&post=6295"},{"taxonomy":"product_cat","embeddable":true,"href":"https:\/\/nzobusiness.com\/index.php?rest_route=%2Fwp%2Fv2%2Fproduct_cat&post=6295"},{"taxonomy":"product_tag","embeddable":true,"href":"https:\/\/nzobusiness.com\/index.php?rest_route=%2Fwp%2Fv2%2Fproduct_tag&post=6295"}],"curies":[{"name":"wp","href":"https:\/\/api.w.org\/{rel}","templated":true}]}}