{"id":6203,"date":"2025-01-03T13:24:29","date_gmt":"2025-01-03T12:24:29","guid":{"rendered":"https:\/\/nzobusiness.com\/?post_type=product&#038;p=6203"},"modified":"2025-01-03T13:24:30","modified_gmt":"2025-01-03T12:24:30","slug":"dell-latitude-7280-processeur-intel-core-i5-6300u","status":"publish","type":"product","link":"https:\/\/nzobusiness.com\/?product=dell-latitude-7280-processeur-intel-core-i5-6300u","title":{"rendered":"Dell Latitude 7280 Processeur Intel Core i5-6300U"},"content":{"rendered":"<p>Dell Latitude 7280<br \/>\n\u2699\ufe0fProcesseur Intel Core i5-6300U (2.4GHz, 3.0GHz Turbo)<br \/>\n?\ufe0fRam 16Go DDR4<br \/>\n?Disque dur SSD 256Go<br \/>\n?\u00c9tat 10\/10<br \/>\n?\u00c9cran Full HD 12.5 Pouces avec IPS<br \/>\n\u2328\ufe0fClavier R\u00e9tro-\u00e9clair\u00e9<br \/>\n?Excellente Autonomie<br \/>\n?Adresse: M\u00e9dina Rue 37 x Blaise Diagne<\/p>\n","protected":false},"excerpt":{"rendered":"<p>Dell Latitude 7280<br \/>\n\u2699\ufe0fProcesseur Intel Core i5-6300U (2.4GHz, 3.0GHz Turbo)<br \/>\n?\ufe0fRam 16Go DDR4<br \/>\n?Disque dur SSD 256Go<br \/>\n?\u00c9tat 10\/10<br \/>\n?\u00c9cran Full HD 12.5 Pouces avec IPS<br \/>\n\u2328\ufe0fClavier R\u00e9tro-\u00e9clair\u00e9<br \/>\n?Excellente Autonomie<br \/>\n?Adresse: M\u00e9dina Rue 37 x Blaise Diagne<\/p>\n","protected":false},"featured_media":6207,"comment_status":"open","ping_status":"closed","template":"","meta":{"_acf_changed":false},"product_brand":[],"product_cat":[71,35],"product_tag":[179,184,192,191,197,198,187,183,195,180,188,193,177,178,189,182,185,190,196,194,181,186],"class_list":{"0":"post-6203","1":"product","2":"type-product","3":"status-publish","4":"has-post-thumbnail","6":"product_cat-dell","7":"product_cat-ordinateurs-portables","8":"product_tag-accessoires-informatiques-en-ligne","9":"product_tag-accessoires-pour-ordinateurs-claviers","10":"product_tag-achat-en-gros-de-materiel-informatique","11":"product_tag-b2b-commerce-electronique-senegal","12":"product_tag-b2bgt-materiel-electronique-fiable","13":"product_tag-boutique-en-ligne-informatique-senegal","14":"product_tag-disques-durs-ssd-et-hdd","15":"product_tag-fourniture-dequipements-informatiques","16":"product_tag-livraison-rapide-dequipements-informatiques","17":"product_tag-materiel-electronique-b2b","18":"product_tag-moniteurs-et-ecrans-haute-definition","19":"product_tag-ordinateurs-neufs-et-reconditionnes","20":"product_tag-ordinateurs-portables-professionnels","21":"product_tag-pc-de-bureau-hautes-performances","22":"product_tag-reseaux-et-equipements-informatiques","23":"product_tag-solutions-informatiques-pour-entreprises","24":"product_tag-souris","25":"product_tag-stations-de-travail-portables","26":"product_tag-support-technique-et-materiel-it","27":"product_tag-technologies-de-pointe-pour-entreprises","28":"product_tag-vente-de-laptops-et-desktops","29":"product_tag-webcams","31":"first","32":"instock","33":"sale","34":"shipping-taxable","35":"purchasable","36":"product-type-simple","37":"add-to-wishlist-after_add_to_cart"},"acf":[],"yoast_head":"<!-- This site is optimized with the Yoast SEO Premium plugin v24.2 (Yoast SEO v27.3) - https:\/\/yoast.com\/product\/yoast-seo-premium-wordpress\/ -->\n<title>Dell Latitude 7280 Processeur Intel Core i5-6300U - NZO BUSINESS<\/title>\n<meta name=\"description\" content=\"Dell Latitude 7280\u2699\ufe0fProcesseur Intel Core i5-6300U (2.4GHz, 3.0GHz Turbo)?\ufe0fRam 16Go DDR4?Disque dur SSD 256Go?\u00c9tat 10\/10?\u00c9cran Full HD 12.5 Pouces avec IPS\u2328\ufe0fClavier R\u00e9tro-\u00e9clair\u00e9?Excellente Autonomie?Adresse: M\u00e9dina Rue 37 x Blaise Diagne\" \/>\n<meta name=\"robots\" content=\"index, follow, max-snippet:-1, max-image-preview:large, max-video-preview:-1\" \/>\n<link rel=\"canonical\" href=\"https:\/\/nzobusiness.com\/?product=dell-latitude-7280-processeur-intel-core-i5-6300u\" \/>\n<meta property=\"og:locale\" content=\"fr_FR\" \/>\n<meta property=\"og:type\" content=\"article\" \/>\n<meta property=\"og:title\" content=\"Dell Latitude 7280 Processeur Intel Core i5-6300U\" \/>\n<meta property=\"og:description\" content=\"Dell Latitude 7280\u2699\ufe0fProcesseur Intel Core i5-6300U (2.4GHz, 3.0GHz Turbo)?\ufe0fRam 16Go DDR4?Disque dur SSD 256Go?\u00c9tat 10\/10?\u00c9cran Full HD 12.5 Pouces avec IPS\u2328\ufe0fClavier R\u00e9tro-\u00e9clair\u00e9?Excellente Autonomie?Adresse: M\u00e9dina Rue 37 x Blaise Diagne\" \/>\n<meta property=\"og:url\" content=\"https:\/\/nzobusiness.com\/?product=dell-latitude-7280-processeur-intel-core-i5-6300u\" \/>\n<meta property=\"og:site_name\" content=\"NZO BUSINESS\" \/>\n<meta property=\"article:publisher\" content=\"https:\/\/www.facebook.com\/profile.php?id=61561008237804\" \/>\n<meta property=\"article:modified_time\" content=\"2025-01-03T12:24:30+00:00\" \/>\n<meta property=\"og:image\" content=\"https:\/\/nzobusiness.com\/wp-content\/uploads\/2025\/01\/WhatsApp-Image-2024-12-18-at-10.54.39.jpeg\" \/>\n\t<meta property=\"og:image:width\" content=\"1280\" \/>\n\t<meta property=\"og:image:height\" content=\"1280\" \/>\n\t<meta property=\"og:image:type\" content=\"image\/jpeg\" \/>\n<meta name=\"twitter:card\" content=\"summary_large_image\" \/>\n<meta name=\"twitter:label1\" content=\"Dur\u00e9e de lecture estim\u00e9e\" \/>\n\t<meta name=\"twitter:data1\" content=\"1 minute\" \/>\n<script type=\"application\/ld+json\" class=\"yoast-schema-graph\">{\"@context\":\"https:\\\/\\\/schema.org\",\"@graph\":[{\"@type\":\"WebPage\",\"@id\":\"https:\\\/\\\/nzobusiness.com\\\/?product=dell-latitude-7280-processeur-intel-core-i5-6300u\",\"url\":\"https:\\\/\\\/nzobusiness.com\\\/?product=dell-latitude-7280-processeur-intel-core-i5-6300u\",\"name\":\"Dell Latitude 7280 Processeur Intel Core i5-6300U - NZO BUSINESS\",\"isPartOf\":{\"@id\":\"https:\\\/\\\/nzobusiness.com\\\/#website\"},\"primaryImageOfPage\":{\"@id\":\"https:\\\/\\\/nzobusiness.com\\\/?product=dell-latitude-7280-processeur-intel-core-i5-6300u#primaryimage\"},\"image\":{\"@id\":\"https:\\\/\\\/nzobusiness.com\\\/?product=dell-latitude-7280-processeur-intel-core-i5-6300u#primaryimage\"},\"thumbnailUrl\":\"https:\\\/\\\/nzobusiness.com\\\/wp-content\\\/uploads\\\/2025\\\/01\\\/WhatsApp-Image-2024-12-18-at-10.54.39.jpeg\",\"datePublished\":\"2025-01-03T12:24:29+00:00\",\"dateModified\":\"2025-01-03T12:24:30+00:00\",\"description\":\"Dell Latitude 7280\u2699\ufe0fProcesseur Intel Core i5-6300U (2.4GHz, 3.0GHz Turbo)?\ufe0fRam 16Go DDR4?Disque dur SSD 256Go?\u00c9tat 10\\\/10?\u00c9cran Full HD 12.5 Pouces avec IPS\u2328\ufe0fClavier R\u00e9tro-\u00e9clair\u00e9?Excellente Autonomie?Adresse: M\u00e9dina Rue 37 x Blaise Diagne\",\"breadcrumb\":{\"@id\":\"https:\\\/\\\/nzobusiness.com\\\/?product=dell-latitude-7280-processeur-intel-core-i5-6300u#breadcrumb\"},\"inLanguage\":\"fr-FR\",\"potentialAction\":[{\"@type\":\"ReadAction\",\"target\":[\"https:\\\/\\\/nzobusiness.com\\\/?product=dell-latitude-7280-processeur-intel-core-i5-6300u\"]}]},{\"@type\":\"ImageObject\",\"inLanguage\":\"fr-FR\",\"@id\":\"https:\\\/\\\/nzobusiness.com\\\/?product=dell-latitude-7280-processeur-intel-core-i5-6300u#primaryimage\",\"url\":\"https:\\\/\\\/nzobusiness.com\\\/wp-content\\\/uploads\\\/2025\\\/01\\\/WhatsApp-Image-2024-12-18-at-10.54.39.jpeg\",\"contentUrl\":\"https:\\\/\\\/nzobusiness.com\\\/wp-content\\\/uploads\\\/2025\\\/01\\\/WhatsApp-Image-2024-12-18-at-10.54.39.jpeg\",\"width\":1280,\"height\":1280},{\"@type\":\"BreadcrumbList\",\"@id\":\"https:\\\/\\\/nzobusiness.com\\\/?product=dell-latitude-7280-processeur-intel-core-i5-6300u#breadcrumb\",\"itemListElement\":[{\"@type\":\"ListItem\",\"position\":1,\"name\":\"Accueil\",\"item\":\"https:\\\/\\\/nzobusiness.com\\\/\"},{\"@type\":\"ListItem\",\"position\":2,\"name\":\"Boutique\",\"item\":\"https:\\\/\\\/nzobusiness.com\\\/?page_id=9\"},{\"@type\":\"ListItem\",\"position\":3,\"name\":\"Dell Latitude 7280 Processeur Intel Core i5-6300U\"}]},{\"@type\":\"WebSite\",\"@id\":\"https:\\\/\\\/nzobusiness.com\\\/#website\",\"url\":\"https:\\\/\\\/nzobusiness.com\\\/\",\"name\":\"B2BGT\",\"description\":\"Faites confiance \u00e0 Nzo Business, pour aller plus loin.\",\"publisher\":{\"@id\":\"https:\\\/\\\/nzobusiness.com\\\/#organization\"},\"potentialAction\":[{\"@type\":\"SearchAction\",\"target\":{\"@type\":\"EntryPoint\",\"urlTemplate\":\"https:\\\/\\\/nzobusiness.com\\\/?s={search_term_string}\"},\"query-input\":{\"@type\":\"PropertyValueSpecification\",\"valueRequired\":true,\"valueName\":\"search_term_string\"}}],\"inLanguage\":\"fr-FR\"},{\"@type\":\"Organization\",\"@id\":\"https:\\\/\\\/nzobusiness.com\\\/#organization\",\"name\":\"B2BGT (Business To Business Global Technology)\",\"url\":\"https:\\\/\\\/nzobusiness.com\\\/\",\"logo\":{\"@type\":\"ImageObject\",\"inLanguage\":\"fr-FR\",\"@id\":\"https:\\\/\\\/nzobusiness.com\\\/#\\\/schema\\\/logo\\\/image\\\/\",\"url\":\"https:\\\/\\\/nzobusiness.com\\\/wp-content\\\/uploads\\\/2024\\\/08\\\/cropped-IMG_3308-2-e1724776281253.png\",\"contentUrl\":\"https:\\\/\\\/nzobusiness.com\\\/wp-content\\\/uploads\\\/2024\\\/08\\\/cropped-IMG_3308-2-e1724776281253.png\",\"width\":397,\"height\":396,\"caption\":\"B2BGT (Business To Business Global Technology)\"},\"image\":{\"@id\":\"https:\\\/\\\/nzobusiness.com\\\/#\\\/schema\\\/logo\\\/image\\\/\"},\"sameAs\":[\"https:\\\/\\\/www.facebook.com\\\/profile.php?id=61561008237804\"]}]}<\/script>\n<!-- \/ Yoast SEO Premium plugin. -->","yoast_head_json":{"title":"Dell Latitude 7280 Processeur Intel Core i5-6300U - NZO BUSINESS","description":"Dell Latitude 7280\u2699\ufe0fProcesseur Intel Core i5-6300U (2.4GHz, 3.0GHz Turbo)?\ufe0fRam 16Go DDR4?Disque dur SSD 256Go?\u00c9tat 10\/10?\u00c9cran Full HD 12.5 Pouces avec IPS\u2328\ufe0fClavier R\u00e9tro-\u00e9clair\u00e9?Excellente Autonomie?Adresse: M\u00e9dina Rue 37 x Blaise Diagne","robots":{"index":"index","follow":"follow","max-snippet":"max-snippet:-1","max-image-preview":"max-image-preview:large","max-video-preview":"max-video-preview:-1"},"canonical":"https:\/\/nzobusiness.com\/?product=dell-latitude-7280-processeur-intel-core-i5-6300u","og_locale":"fr_FR","og_type":"article","og_title":"Dell Latitude 7280 Processeur Intel Core i5-6300U","og_description":"Dell Latitude 7280\u2699\ufe0fProcesseur Intel Core i5-6300U (2.4GHz, 3.0GHz Turbo)?\ufe0fRam 16Go DDR4?Disque dur SSD 256Go?\u00c9tat 10\/10?\u00c9cran Full HD 12.5 Pouces avec IPS\u2328\ufe0fClavier R\u00e9tro-\u00e9clair\u00e9?Excellente Autonomie?Adresse: M\u00e9dina Rue 37 x Blaise Diagne","og_url":"https:\/\/nzobusiness.com\/?product=dell-latitude-7280-processeur-intel-core-i5-6300u","og_site_name":"NZO BUSINESS","article_publisher":"https:\/\/www.facebook.com\/profile.php?id=61561008237804","article_modified_time":"2025-01-03T12:24:30+00:00","og_image":[{"width":1280,"height":1280,"url":"https:\/\/nzobusiness.com\/wp-content\/uploads\/2025\/01\/WhatsApp-Image-2024-12-18-at-10.54.39.jpeg","type":"image\/jpeg"}],"twitter_card":"summary_large_image","twitter_misc":{"Dur\u00e9e de lecture estim\u00e9e":"1 minute"},"schema":{"@context":"https:\/\/schema.org","@graph":[{"@type":"WebPage","@id":"https:\/\/nzobusiness.com\/?product=dell-latitude-7280-processeur-intel-core-i5-6300u","url":"https:\/\/nzobusiness.com\/?product=dell-latitude-7280-processeur-intel-core-i5-6300u","name":"Dell Latitude 7280 Processeur Intel Core i5-6300U - NZO BUSINESS","isPartOf":{"@id":"https:\/\/nzobusiness.com\/#website"},"primaryImageOfPage":{"@id":"https:\/\/nzobusiness.com\/?product=dell-latitude-7280-processeur-intel-core-i5-6300u#primaryimage"},"image":{"@id":"https:\/\/nzobusiness.com\/?product=dell-latitude-7280-processeur-intel-core-i5-6300u#primaryimage"},"thumbnailUrl":"https:\/\/nzobusiness.com\/wp-content\/uploads\/2025\/01\/WhatsApp-Image-2024-12-18-at-10.54.39.jpeg","datePublished":"2025-01-03T12:24:29+00:00","dateModified":"2025-01-03T12:24:30+00:00","description":"Dell Latitude 7280\u2699\ufe0fProcesseur Intel Core i5-6300U (2.4GHz, 3.0GHz Turbo)?\ufe0fRam 16Go DDR4?Disque dur SSD 256Go?\u00c9tat 10\/10?\u00c9cran Full HD 12.5 Pouces avec IPS\u2328\ufe0fClavier R\u00e9tro-\u00e9clair\u00e9?Excellente Autonomie?Adresse: M\u00e9dina Rue 37 x Blaise Diagne","breadcrumb":{"@id":"https:\/\/nzobusiness.com\/?product=dell-latitude-7280-processeur-intel-core-i5-6300u#breadcrumb"},"inLanguage":"fr-FR","potentialAction":[{"@type":"ReadAction","target":["https:\/\/nzobusiness.com\/?product=dell-latitude-7280-processeur-intel-core-i5-6300u"]}]},{"@type":"ImageObject","inLanguage":"fr-FR","@id":"https:\/\/nzobusiness.com\/?product=dell-latitude-7280-processeur-intel-core-i5-6300u#primaryimage","url":"https:\/\/nzobusiness.com\/wp-content\/uploads\/2025\/01\/WhatsApp-Image-2024-12-18-at-10.54.39.jpeg","contentUrl":"https:\/\/nzobusiness.com\/wp-content\/uploads\/2025\/01\/WhatsApp-Image-2024-12-18-at-10.54.39.jpeg","width":1280,"height":1280},{"@type":"BreadcrumbList","@id":"https:\/\/nzobusiness.com\/?product=dell-latitude-7280-processeur-intel-core-i5-6300u#breadcrumb","itemListElement":[{"@type":"ListItem","position":1,"name":"Accueil","item":"https:\/\/nzobusiness.com\/"},{"@type":"ListItem","position":2,"name":"Boutique","item":"https:\/\/nzobusiness.com\/?page_id=9"},{"@type":"ListItem","position":3,"name":"Dell Latitude 7280 Processeur Intel Core i5-6300U"}]},{"@type":"WebSite","@id":"https:\/\/nzobusiness.com\/#website","url":"https:\/\/nzobusiness.com\/","name":"B2BGT","description":"Faites confiance \u00e0 Nzo Business, pour aller plus loin.","publisher":{"@id":"https:\/\/nzobusiness.com\/#organization"},"potentialAction":[{"@type":"SearchAction","target":{"@type":"EntryPoint","urlTemplate":"https:\/\/nzobusiness.com\/?s={search_term_string}"},"query-input":{"@type":"PropertyValueSpecification","valueRequired":true,"valueName":"search_term_string"}}],"inLanguage":"fr-FR"},{"@type":"Organization","@id":"https:\/\/nzobusiness.com\/#organization","name":"B2BGT (Business To Business Global Technology)","url":"https:\/\/nzobusiness.com\/","logo":{"@type":"ImageObject","inLanguage":"fr-FR","@id":"https:\/\/nzobusiness.com\/#\/schema\/logo\/image\/","url":"https:\/\/nzobusiness.com\/wp-content\/uploads\/2024\/08\/cropped-IMG_3308-2-e1724776281253.png","contentUrl":"https:\/\/nzobusiness.com\/wp-content\/uploads\/2024\/08\/cropped-IMG_3308-2-e1724776281253.png","width":397,"height":396,"caption":"B2BGT (Business To Business Global Technology)"},"image":{"@id":"https:\/\/nzobusiness.com\/#\/schema\/logo\/image\/"},"sameAs":["https:\/\/www.facebook.com\/profile.php?id=61561008237804"]}]}},"_links":{"self":[{"href":"https:\/\/nzobusiness.com\/index.php?rest_route=\/wp\/v2\/product\/6203","targetHints":{"allow":["GET"]}}],"collection":[{"href":"https:\/\/nzobusiness.com\/index.php?rest_route=\/wp\/v2\/product"}],"about":[{"href":"https:\/\/nzobusiness.com\/index.php?rest_route=\/wp\/v2\/types\/product"}],"replies":[{"embeddable":true,"href":"https:\/\/nzobusiness.com\/index.php?rest_route=%2Fwp%2Fv2%2Fcomments&post=6203"}],"wp:featuredmedia":[{"embeddable":true,"href":"https:\/\/nzobusiness.com\/index.php?rest_route=\/wp\/v2\/media\/6207"}],"wp:attachment":[{"href":"https:\/\/nzobusiness.com\/index.php?rest_route=%2Fwp%2Fv2%2Fmedia&parent=6203"}],"wp:term":[{"taxonomy":"product_brand","embeddable":true,"href":"https:\/\/nzobusiness.com\/index.php?rest_route=%2Fwp%2Fv2%2Fproduct_brand&post=6203"},{"taxonomy":"product_cat","embeddable":true,"href":"https:\/\/nzobusiness.com\/index.php?rest_route=%2Fwp%2Fv2%2Fproduct_cat&post=6203"},{"taxonomy":"product_tag","embeddable":true,"href":"https:\/\/nzobusiness.com\/index.php?rest_route=%2Fwp%2Fv2%2Fproduct_tag&post=6203"}],"curies":[{"name":"wp","href":"https:\/\/api.w.org\/{rel}","templated":true}]}}