{"id":6120,"date":"2024-10-26T02:30:04","date_gmt":"2024-10-26T00:30:04","guid":{"rendered":"https:\/\/nzobusiness.com\/?post_type=product&#038;p=6120"},"modified":"2025-03-27T15:25:19","modified_gmt":"2025-03-27T14:25:19","slug":"hp-elitebook-x360-1030-g2-7eme-generation","status":"publish","type":"product","link":"https:\/\/nzobusiness.com\/?product=hp-elitebook-x360-1030-g2-7eme-generation","title":{"rendered":"Hp EliteBook X360 1030 G2 7\u00e8me g\u00e9n\u00e9ration"},"content":{"rendered":"<p>Hp EliteBook X360 1030 G2 7\u00e8me g\u00e9n\u00e9ration<br \/>\n\u2699\ufe0fProcesseur Intel Core i7-7600U (2.9 GHz \/ 3.9 GHz Turbo )<br \/>\n\u2699\ufe0fRam 16Go DDR4<br \/>\n?Disque Dur SSD 256Go (Extensible \u00e0 512Go)<br \/>\n?\u00c9tat Neuf<br \/>\n?\ufe0fEcran Tactile 13.3 pouces Full HD IPS<br \/>\n?D\u00e9verrouillage Face ID<br \/>\n?Rotatif 360 degr\u00e9s<br \/>\n\u2328\ufe0fClavier R\u00e9tro-\u00e9clair\u00e9 + empreinte digitale\u2026<br \/>\n?Excellente Autonomie<br \/>\nAdresse: M\u00e9dina Rue 37 x Blaise Diagne<br \/>\n@B2BGT, #TechEnthusiast, #eCommerce, #DigitalMarketing,#TechSenegal, #Informatique, #TechSolutions, #PCPortable, #PCFixe, #OrdinateursAuSenegal, #TechPromo, #Cybercafe, #GeekLife, #gamingausenegal<\/p>\n","protected":false},"excerpt":{"rendered":"<p>Hp EliteBook X360 1030 G2 7\u00e8me g\u00e9n\u00e9ration<br \/>\n\u2699\ufe0fProcesseur Intel Core i7-7600U (2.9 GHz \/ 3.9 GHz Turbo )<br \/>\n\u2699\ufe0fRam 16Go DDR4<br \/>\n?Disque Dur SSD 256Go (Extensible \u00e0 512Go)<br \/>\n?\u00c9tat Neuf<br \/>\n?\ufe0fEcran Tactile 13.3 pouces Full HD IPS<br \/>\n?D\u00e9verrouillage Face ID<br \/>\n?Rotatif 360 degr\u00e9s<br \/>\n\u2328\ufe0fClavier R\u00e9tro-\u00e9clair\u00e9 + empreinte digitale\u2026<br \/>\n?Excellente Autonomie<br \/>\nAdresse: M\u00e9dina Rue 37 x Blaise Diagne<\/p>\n","protected":false},"featured_media":6123,"comment_status":"open","ping_status":"closed","template":"","meta":{"_acf_changed":false},"product_brand":[],"product_cat":[72,33,35],"product_tag":[145,134,110,120,140,121,142,107,117,114,100,151,158,116,112,133,147,126,99,157,131,150,123,128,138,113,104,92,97,115,160,101,143,93,154,153,136,132,124,125,95,122,144,152,119,137,130,108,91,155,135,141,149,148,109,159,111,103,129,105,94,96,98,146,139,156,127,102,118],"class_list":{"0":"post-6120","1":"product","2":"type-product","3":"status-publish","4":"has-post-thumbnail","6":"product_cat-hp","7":"product_cat-ordinateurs-et-accessoires","8":"product_cat-ordinateurs-portables","9":"product_tag-3d-moniteurs-4k","10":"product_tag-4g-5g-switches-et-hubs-gigabit","11":"product_tag-4k","12":"product_tag-accessoires-de-jeu-composants-et-pieces-detachees-processeurs-intel","13":"product_tag-adaptateurs-solutions-wi-fi-repeteurs","14":"product_tag-amd","15":"product_tag-antennes-peripheriques-et-imprimantes-imprimantes-et-scanners-laser","16":"product_tag-batteries-externes-electronique-grand-public-televiseurs-led","17":"product_tag-cameras-de-securite-consoles-de-jeux-playstation","18":"product_tag-casques-audio-appareils-photo-et-cameras-reflex","19":"product_tag-chromebooks-tablettes-android","20":"product_tag-cles-usb","21":"product_tag-collaboration-services-de-maintenance-et-support-assistance-technique","22":"product_tag-compacts","23":"product_tag-enceintes-bluetooth","24":"product_tag-fibre-optique","25":"product_tag-gaming","26":"product_tag-gaming-cartes-graphiques-nvidia","27":"product_tag-gaming-laptops","28":"product_tag-gestion-de-projets","29":"product_tag-haute-capacite-reseaux-et-connectivite-routeurs-et-modems-wi-fi-6","30":"product_tag-haute-luminosite-peripheriques-de-stockage-externe-disques-durs-externes","31":"product_tag-haute-performance-cartes-meres-atx","32":"product_tag-haute-resolution-disques-durs-et-ssd-hdd","33":"product_tag-hdmi","34":"product_tag-home-cinema","35":"product_tag-housses-et-etuis","36":"product_tag-hp","37":"product_tag-hp-elitebook","38":"product_tag-hybrides","39":"product_tag-installation","40":"product_tag-ipad","41":"product_tag-jet-dencre","42":"product_tag-lenovo","43":"product_tag-linux-logiciels-de-securite-antivirus","44":"product_tag-macos","45":"product_tag-manageable","46":"product_tag-mesh","47":"product_tag-micro-atx","48":"product_tag-mini-itx","49":"product_tag-mini-pc","50":"product_tag-multi-core","51":"product_tag-multifonction","52":"product_tag-nas-logiciels-et-services-systemes-dexploitation-windows","53":"product_tag-nintendo","54":"product_tag-non-manageable-cables-et-connecteurs-ethernet","55":"product_tag-nvme","56":"product_tag-oled","57":"product_tag-ordinateurs-et-accessoires-ordinateurs-de-bureau-dell","58":"product_tag-pare-feu","59":"product_tag-poe","60":"product_tag-points-dacces","61":"product_tag-portable","62":"product_tag-professionnels-projecteurs-home-cinema","63":"product_tag-qled","64":"product_tag-reparation","65":"product_tag-smart-tv-systemes-audio-barres-de-son","66":"product_tag-souris-de-jeu","67":"product_tag-ssd","68":"product_tag-stations-daccueil","69":"product_tag-stations-de-travail","70":"product_tag-tout-en-un-ordinateurs-portables-dell","71":"product_tag-ultrabooks","72":"product_tag-ultrawide","73":"product_tag-usb-c","74":"product_tag-vpn-logiciels-de-productivite-suite-bureautique","75":"product_tag-vr-ready","76":"product_tag-windows-accessoires-claviers-mecaniques","77":"product_tag-xbox","79":"first","80":"instock","81":"sale","82":"shipping-taxable","83":"purchasable","84":"product-type-simple","85":"add-to-wishlist-after_add_to_cart"},"acf":[],"yoast_head":"<!-- This site is optimized with the Yoast SEO Premium plugin v24.2 (Yoast SEO v27.3) - https:\/\/yoast.com\/product\/yoast-seo-premium-wordpress\/ -->\n<title>Hp EliteBook X360 1030 G2 7\u00e8me g\u00e9n\u00e9ration - NZO BUSINESS<\/title>\n<meta name=\"description\" content=\"@B2BGT, #TechEnthusiast, #eCommerce, #DigitalMarketing,#TechSenegal, #Informatique, #TechSolutions, #PCPortable, #PCFixe, #OrdinateursAuSenegal, #TechPromo, #Cybercafe, #GeekLife, #gamingausenegal\" \/>\n<meta name=\"robots\" content=\"index, follow, max-snippet:-1, max-image-preview:large, max-video-preview:-1\" \/>\n<link rel=\"canonical\" href=\"https:\/\/nzobusiness.com\/?product=hp-elitebook-x360-1030-g2-7eme-generation\" \/>\n<meta property=\"og:locale\" content=\"fr_FR\" \/>\n<meta property=\"og:type\" content=\"article\" \/>\n<meta property=\"og:title\" content=\"Hp EliteBook X360 1030 G2 7\u00e8me g\u00e9n\u00e9ration\" \/>\n<meta property=\"og:description\" content=\"@B2BGT, #TechEnthusiast, #eCommerce, #DigitalMarketing,#TechSenegal, #Informatique, #TechSolutions, #PCPortable, #PCFixe, #OrdinateursAuSenegal, #TechPromo, #Cybercafe, #GeekLife, #gamingausenegal\" \/>\n<meta property=\"og:url\" content=\"https:\/\/nzobusiness.com\/?product=hp-elitebook-x360-1030-g2-7eme-generation\" \/>\n<meta property=\"og:site_name\" content=\"NZO BUSINESS\" \/>\n<meta property=\"article:publisher\" content=\"https:\/\/www.facebook.com\/profile.php?id=61561008237804\" \/>\n<meta property=\"article:modified_time\" content=\"2025-03-27T14:25:19+00:00\" \/>\n<meta property=\"og:image\" content=\"https:\/\/nzobusiness.com\/wp-content\/uploads\/2024\/10\/81d017cb-aa34-41e4-adcf-03691a58e5e5.jpg\" \/>\n\t<meta property=\"og:image:width\" content=\"960\" \/>\n\t<meta property=\"og:image:height\" content=\"1200\" \/>\n\t<meta property=\"og:image:type\" content=\"image\/jpeg\" \/>\n<meta name=\"twitter:card\" content=\"summary_large_image\" \/>\n<meta name=\"twitter:label1\" content=\"Dur\u00e9e de lecture estim\u00e9e\" \/>\n\t<meta name=\"twitter:data1\" content=\"1 minute\" \/>\n<script type=\"application\/ld+json\" class=\"yoast-schema-graph\">{\"@context\":\"https:\\\/\\\/schema.org\",\"@graph\":[{\"@type\":\"WebPage\",\"@id\":\"https:\\\/\\\/nzobusiness.com\\\/?product=hp-elitebook-x360-1030-g2-7eme-generation\",\"url\":\"https:\\\/\\\/nzobusiness.com\\\/?product=hp-elitebook-x360-1030-g2-7eme-generation\",\"name\":\"Hp EliteBook X360 1030 G2 7\u00e8me g\u00e9n\u00e9ration - NZO BUSINESS\",\"isPartOf\":{\"@id\":\"https:\\\/\\\/nzobusiness.com\\\/#website\"},\"primaryImageOfPage\":{\"@id\":\"https:\\\/\\\/nzobusiness.com\\\/?product=hp-elitebook-x360-1030-g2-7eme-generation#primaryimage\"},\"image\":{\"@id\":\"https:\\\/\\\/nzobusiness.com\\\/?product=hp-elitebook-x360-1030-g2-7eme-generation#primaryimage\"},\"thumbnailUrl\":\"https:\\\/\\\/nzobusiness.com\\\/wp-content\\\/uploads\\\/2024\\\/10\\\/81d017cb-aa34-41e4-adcf-03691a58e5e5.jpg\",\"datePublished\":\"2024-10-26T00:30:04+00:00\",\"dateModified\":\"2025-03-27T14:25:19+00:00\",\"description\":\"@B2BGT, #TechEnthusiast, #eCommerce, #DigitalMarketing,#TechSenegal, #Informatique, #TechSolutions, #PCPortable, #PCFixe, #OrdinateursAuSenegal, #TechPromo, #Cybercafe, #GeekLife, #gamingausenegal\",\"breadcrumb\":{\"@id\":\"https:\\\/\\\/nzobusiness.com\\\/?product=hp-elitebook-x360-1030-g2-7eme-generation#breadcrumb\"},\"inLanguage\":\"fr-FR\",\"potentialAction\":[{\"@type\":\"ReadAction\",\"target\":[\"https:\\\/\\\/nzobusiness.com\\\/?product=hp-elitebook-x360-1030-g2-7eme-generation\"]}]},{\"@type\":\"ImageObject\",\"inLanguage\":\"fr-FR\",\"@id\":\"https:\\\/\\\/nzobusiness.com\\\/?product=hp-elitebook-x360-1030-g2-7eme-generation#primaryimage\",\"url\":\"https:\\\/\\\/nzobusiness.com\\\/wp-content\\\/uploads\\\/2024\\\/10\\\/81d017cb-aa34-41e4-adcf-03691a58e5e5.jpg\",\"contentUrl\":\"https:\\\/\\\/nzobusiness.com\\\/wp-content\\\/uploads\\\/2024\\\/10\\\/81d017cb-aa34-41e4-adcf-03691a58e5e5.jpg\",\"width\":960,\"height\":1200},{\"@type\":\"BreadcrumbList\",\"@id\":\"https:\\\/\\\/nzobusiness.com\\\/?product=hp-elitebook-x360-1030-g2-7eme-generation#breadcrumb\",\"itemListElement\":[{\"@type\":\"ListItem\",\"position\":1,\"name\":\"Accueil\",\"item\":\"https:\\\/\\\/nzobusiness.com\\\/\"},{\"@type\":\"ListItem\",\"position\":2,\"name\":\"Boutique\",\"item\":\"https:\\\/\\\/nzobusiness.com\\\/?page_id=9\"},{\"@type\":\"ListItem\",\"position\":3,\"name\":\"Hp EliteBook X360 1030 G2 7\u00e8me g\u00e9n\u00e9ration\"}]},{\"@type\":\"WebSite\",\"@id\":\"https:\\\/\\\/nzobusiness.com\\\/#website\",\"url\":\"https:\\\/\\\/nzobusiness.com\\\/\",\"name\":\"B2BGT\",\"description\":\"Faites confiance \u00e0 Nzo Business, pour aller plus loin.\",\"publisher\":{\"@id\":\"https:\\\/\\\/nzobusiness.com\\\/#organization\"},\"potentialAction\":[{\"@type\":\"SearchAction\",\"target\":{\"@type\":\"EntryPoint\",\"urlTemplate\":\"https:\\\/\\\/nzobusiness.com\\\/?s={search_term_string}\"},\"query-input\":{\"@type\":\"PropertyValueSpecification\",\"valueRequired\":true,\"valueName\":\"search_term_string\"}}],\"inLanguage\":\"fr-FR\"},{\"@type\":\"Organization\",\"@id\":\"https:\\\/\\\/nzobusiness.com\\\/#organization\",\"name\":\"B2BGT (Business To Business Global Technology)\",\"url\":\"https:\\\/\\\/nzobusiness.com\\\/\",\"logo\":{\"@type\":\"ImageObject\",\"inLanguage\":\"fr-FR\",\"@id\":\"https:\\\/\\\/nzobusiness.com\\\/#\\\/schema\\\/logo\\\/image\\\/\",\"url\":\"https:\\\/\\\/nzobusiness.com\\\/wp-content\\\/uploads\\\/2024\\\/08\\\/cropped-IMG_3308-2-e1724776281253.png\",\"contentUrl\":\"https:\\\/\\\/nzobusiness.com\\\/wp-content\\\/uploads\\\/2024\\\/08\\\/cropped-IMG_3308-2-e1724776281253.png\",\"width\":397,\"height\":396,\"caption\":\"B2BGT (Business To Business Global Technology)\"},\"image\":{\"@id\":\"https:\\\/\\\/nzobusiness.com\\\/#\\\/schema\\\/logo\\\/image\\\/\"},\"sameAs\":[\"https:\\\/\\\/www.facebook.com\\\/profile.php?id=61561008237804\"]}]}<\/script>\n<!-- \/ Yoast SEO Premium plugin. -->","yoast_head_json":{"title":"Hp EliteBook X360 1030 G2 7\u00e8me g\u00e9n\u00e9ration - NZO BUSINESS","description":"@B2BGT, #TechEnthusiast, #eCommerce, #DigitalMarketing,#TechSenegal, #Informatique, #TechSolutions, #PCPortable, #PCFixe, #OrdinateursAuSenegal, #TechPromo, #Cybercafe, #GeekLife, #gamingausenegal","robots":{"index":"index","follow":"follow","max-snippet":"max-snippet:-1","max-image-preview":"max-image-preview:large","max-video-preview":"max-video-preview:-1"},"canonical":"https:\/\/nzobusiness.com\/?product=hp-elitebook-x360-1030-g2-7eme-generation","og_locale":"fr_FR","og_type":"article","og_title":"Hp EliteBook X360 1030 G2 7\u00e8me g\u00e9n\u00e9ration","og_description":"@B2BGT, #TechEnthusiast, #eCommerce, #DigitalMarketing,#TechSenegal, #Informatique, #TechSolutions, #PCPortable, #PCFixe, #OrdinateursAuSenegal, #TechPromo, #Cybercafe, #GeekLife, #gamingausenegal","og_url":"https:\/\/nzobusiness.com\/?product=hp-elitebook-x360-1030-g2-7eme-generation","og_site_name":"NZO BUSINESS","article_publisher":"https:\/\/www.facebook.com\/profile.php?id=61561008237804","article_modified_time":"2025-03-27T14:25:19+00:00","og_image":[{"width":960,"height":1200,"url":"https:\/\/nzobusiness.com\/wp-content\/uploads\/2024\/10\/81d017cb-aa34-41e4-adcf-03691a58e5e5.jpg","type":"image\/jpeg"}],"twitter_card":"summary_large_image","twitter_misc":{"Dur\u00e9e de lecture estim\u00e9e":"1 minute"},"schema":{"@context":"https:\/\/schema.org","@graph":[{"@type":"WebPage","@id":"https:\/\/nzobusiness.com\/?product=hp-elitebook-x360-1030-g2-7eme-generation","url":"https:\/\/nzobusiness.com\/?product=hp-elitebook-x360-1030-g2-7eme-generation","name":"Hp EliteBook X360 1030 G2 7\u00e8me g\u00e9n\u00e9ration - NZO BUSINESS","isPartOf":{"@id":"https:\/\/nzobusiness.com\/#website"},"primaryImageOfPage":{"@id":"https:\/\/nzobusiness.com\/?product=hp-elitebook-x360-1030-g2-7eme-generation#primaryimage"},"image":{"@id":"https:\/\/nzobusiness.com\/?product=hp-elitebook-x360-1030-g2-7eme-generation#primaryimage"},"thumbnailUrl":"https:\/\/nzobusiness.com\/wp-content\/uploads\/2024\/10\/81d017cb-aa34-41e4-adcf-03691a58e5e5.jpg","datePublished":"2024-10-26T00:30:04+00:00","dateModified":"2025-03-27T14:25:19+00:00","description":"@B2BGT, #TechEnthusiast, #eCommerce, #DigitalMarketing,#TechSenegal, #Informatique, #TechSolutions, #PCPortable, #PCFixe, #OrdinateursAuSenegal, #TechPromo, #Cybercafe, #GeekLife, #gamingausenegal","breadcrumb":{"@id":"https:\/\/nzobusiness.com\/?product=hp-elitebook-x360-1030-g2-7eme-generation#breadcrumb"},"inLanguage":"fr-FR","potentialAction":[{"@type":"ReadAction","target":["https:\/\/nzobusiness.com\/?product=hp-elitebook-x360-1030-g2-7eme-generation"]}]},{"@type":"ImageObject","inLanguage":"fr-FR","@id":"https:\/\/nzobusiness.com\/?product=hp-elitebook-x360-1030-g2-7eme-generation#primaryimage","url":"https:\/\/nzobusiness.com\/wp-content\/uploads\/2024\/10\/81d017cb-aa34-41e4-adcf-03691a58e5e5.jpg","contentUrl":"https:\/\/nzobusiness.com\/wp-content\/uploads\/2024\/10\/81d017cb-aa34-41e4-adcf-03691a58e5e5.jpg","width":960,"height":1200},{"@type":"BreadcrumbList","@id":"https:\/\/nzobusiness.com\/?product=hp-elitebook-x360-1030-g2-7eme-generation#breadcrumb","itemListElement":[{"@type":"ListItem","position":1,"name":"Accueil","item":"https:\/\/nzobusiness.com\/"},{"@type":"ListItem","position":2,"name":"Boutique","item":"https:\/\/nzobusiness.com\/?page_id=9"},{"@type":"ListItem","position":3,"name":"Hp EliteBook X360 1030 G2 7\u00e8me g\u00e9n\u00e9ration"}]},{"@type":"WebSite","@id":"https:\/\/nzobusiness.com\/#website","url":"https:\/\/nzobusiness.com\/","name":"B2BGT","description":"Faites confiance \u00e0 Nzo Business, pour aller plus loin.","publisher":{"@id":"https:\/\/nzobusiness.com\/#organization"},"potentialAction":[{"@type":"SearchAction","target":{"@type":"EntryPoint","urlTemplate":"https:\/\/nzobusiness.com\/?s={search_term_string}"},"query-input":{"@type":"PropertyValueSpecification","valueRequired":true,"valueName":"search_term_string"}}],"inLanguage":"fr-FR"},{"@type":"Organization","@id":"https:\/\/nzobusiness.com\/#organization","name":"B2BGT (Business To Business Global Technology)","url":"https:\/\/nzobusiness.com\/","logo":{"@type":"ImageObject","inLanguage":"fr-FR","@id":"https:\/\/nzobusiness.com\/#\/schema\/logo\/image\/","url":"https:\/\/nzobusiness.com\/wp-content\/uploads\/2024\/08\/cropped-IMG_3308-2-e1724776281253.png","contentUrl":"https:\/\/nzobusiness.com\/wp-content\/uploads\/2024\/08\/cropped-IMG_3308-2-e1724776281253.png","width":397,"height":396,"caption":"B2BGT (Business To Business Global Technology)"},"image":{"@id":"https:\/\/nzobusiness.com\/#\/schema\/logo\/image\/"},"sameAs":["https:\/\/www.facebook.com\/profile.php?id=61561008237804"]}]}},"_links":{"self":[{"href":"https:\/\/nzobusiness.com\/index.php?rest_route=\/wp\/v2\/product\/6120","targetHints":{"allow":["GET"]}}],"collection":[{"href":"https:\/\/nzobusiness.com\/index.php?rest_route=\/wp\/v2\/product"}],"about":[{"href":"https:\/\/nzobusiness.com\/index.php?rest_route=\/wp\/v2\/types\/product"}],"replies":[{"embeddable":true,"href":"https:\/\/nzobusiness.com\/index.php?rest_route=%2Fwp%2Fv2%2Fcomments&post=6120"}],"wp:featuredmedia":[{"embeddable":true,"href":"https:\/\/nzobusiness.com\/index.php?rest_route=\/wp\/v2\/media\/6123"}],"wp:attachment":[{"href":"https:\/\/nzobusiness.com\/index.php?rest_route=%2Fwp%2Fv2%2Fmedia&parent=6120"}],"wp:term":[{"taxonomy":"product_brand","embeddable":true,"href":"https:\/\/nzobusiness.com\/index.php?rest_route=%2Fwp%2Fv2%2Fproduct_brand&post=6120"},{"taxonomy":"product_cat","embeddable":true,"href":"https:\/\/nzobusiness.com\/index.php?rest_route=%2Fwp%2Fv2%2Fproduct_cat&post=6120"},{"taxonomy":"product_tag","embeddable":true,"href":"https:\/\/nzobusiness.com\/index.php?rest_route=%2Fwp%2Fv2%2Fproduct_tag&post=6120"}],"curies":[{"name":"wp","href":"https:\/\/api.w.org\/{rel}","templated":true}]}}